{"id":88326,"date":"2017-07-01T15:39:14","date_gmt":"2017-07-01T15:39:14","guid":{"rendered":"http:\/\/www.ceramictiles.com\/srbija\/product\/keramika-aparici-sendai-marfil\/"},"modified":"2017-07-01T15:39:14","modified_gmt":"2017-07-01T15:39:14","slug":"keramika-aparici-sendai-marfil","status":"publish","type":"product","link":"https:\/\/www.keramika.com\/srbija\/keramika-aparici-sendai-marfil\/","title":{"rendered":"Keramika Aparici Sendai Marfil"},"content":{"rendered":"<p>Ove be\u017e kerami\u010dke plo\u010dice, obogatit \u0107e svaki prostor. Proizvodnja \u0160panije ,koja je poznata u svetu, kao jedana od najboljih proizvo\u0111a\u010da kerami\u010dkih plo\u010dica. \u0160irina i du\u017eina plo\u010dice su 20&#215;59,2 cm. Debljina 9 mm \u010dini plo\u010dicu vrlo izdr\u017eljivom i prijatnom na dodir.<\/p>\n<p>Kliknite na ime serije za sve plo\u010dice u toj seriji: <a class=\"pdfcatal\" href=\"\/\/www.ceramictiles.com\/pdf\/aparici\/catalogue_aparici_sendai.pdf\" onclick=\"recordOutboundLink(this, 'E-mail', 'Description PDF');return false;\">Aparici Sendai<\/a><\/p>\n<p>Da bi naru\u010dili model iz PDF kataloga ove serije, molimo vas, da nas kontaktirate na: <a href=\"mailto:zo_mi@ceramictiles.com\" onclick=\"recordOutboundLink(this, 'E-mail', 'Description mail');return false;\">zo_mi@ceramictiles.com<\/a> ili nas pozovite na: For exact offer, PLS send us quantity and product you need with delivery address..<\/p>\n<p>Technical description: <br \/> W 20&#215;59,2 <br \/>Sendai Marfil ; Sendai Antracita ; Sendai Nuez ;<\/p>\n","protected":false},"excerpt":{"rendered":"<p>Ove be\u017e kerami\u010dke plo\u010dice, obogatit \u0107e svaki prostor. Proizvodnja \u0160panije ,koja je poznata u svetu, kao jedana od najboljih proizvo\u0111a\u010da kerami\u010dkih plo\u010dica. \u0160irina i du\u017eina plo\u010dice su 20&#215;59,2 cm. Debljina 9 mm \u010dini plo\u010dicu vrlo izdr\u017eljivom i prijatnom na dodir. Kliknite na ime serije za sve plo\u010dice u toj seriji: Aparici Sendai Da bi naru\u010dili [&hellip;]<\/p>\n","protected":false},"featured_media":88327,"template":"","meta":[],"product_cat":[999773,200,220,240,999,250],"product_tag":[],"_links":{"self":[{"href":"https:\/\/www.keramika.com\/srbija\/wp-json\/wp\/v2\/product\/88326"}],"collection":[{"href":"https:\/\/www.keramika.com\/srbija\/wp-json\/wp\/v2\/product"}],"about":[{"href":"https:\/\/www.keramika.com\/srbija\/wp-json\/wp\/v2\/types\/product"}],"wp:featuredmedia":[{"embeddable":true,"href":"https:\/\/www.keramika.com\/srbija\/wp-json\/wp\/v2\/media\/88327"}],"wp:attachment":[{"href":"https:\/\/www.keramika.com\/srbija\/wp-json\/wp\/v2\/media?parent=88326"}],"wp:term":[{"taxonomy":"product_cat","embeddable":true,"href":"https:\/\/www.keramika.com\/srbija\/wp-json\/wp\/v2\/product_cat?post=88326"},{"taxonomy":"product_tag","embeddable":true,"href":"https:\/\/www.keramika.com\/srbija\/wp-json\/wp\/v2\/product_tag?post=88326"}],"curies":[{"name":"wp","href":"https:\/\/api.w.org\/{rel}","templated":true}]}}