{"id":88306,"date":"2017-07-01T15:35:42","date_gmt":"2017-07-01T15:35:42","guid":{"rendered":"http:\/\/www.ceramictiles.com\/srbija\/product\/keramika-aparici-poeme-burdeos-ornato\/"},"modified":"2017-07-01T15:35:42","modified_gmt":"2017-07-01T15:35:42","slug":"keramika-aparici-poeme-burdeos-ornato","status":"publish","type":"product","link":"https:\/\/www.keramika.com\/srbija\/keramika-aparici-poeme-burdeos-ornato\/","title":{"rendered":"Keramika Aparici Poeme Burdeos Ornato"},"content":{"rendered":"<p>Ta kolekcija, model plo\u010dice, se prodaje najvi\u0161e crvene boje. Veli\u010dina ove plo\u010dice je 20&#215;20 cm. Ova plo\u010dica je debela 9 mm i zato je izuzetno izdr\u017eljiva. plo\u010dica proizvo\u0111a\u010da Aparici iz \u0160panije.<\/p>\n<p>Kliknite na ime serije za sve plo\u010dice u toj seriji: <a class=\"pdfcatal\" href=\"\/\/www.ceramictiles.com\/pdf\/aparici\/catalogue_aparici_poeme.pdf\" onclick=\"recordOutboundLink(this, 'E-mail', 'Description PDF');return false;\">Aparici Poeme<\/a><\/p>\n<p>Da bi naru\u010dili model iz PDF kataloga ove serije, molimo vas, da nas kontaktirate na: <a href=\"mailto:zo_mi@ceramictiles.com\" onclick=\"recordOutboundLink(this, 'E-mail', 'Description mail');return false;\">zo_mi@ceramictiles.com<\/a> ili nas pozovite na: For exact offer, PLS send us quantity and product you need with delivery address..<\/p>\n<p>Technical description: <br \/>  W 20&#215;20 <br \/>Poeme Oro Trace ; Poeme Oro Ornato ; Poeme Marfil ; Poeme Beige Trace ; Poeme Beige Ornato ; Poeme Burdeos Trace ; Poeme Burdeos Ornato ; Poeme Azul Trace ; Poeme Azul Ornato ;<\/p>\n","protected":false},"excerpt":{"rendered":"<p>Ta kolekcija, model plo\u010dice, se prodaje najvi\u0161e crvene boje. Veli\u010dina ove plo\u010dice je 20&#215;20 cm. Ova plo\u010dica je debela 9 mm i zato je izuzetno izdr\u017eljiva. plo\u010dica proizvo\u0111a\u010da Aparici iz \u0160panije. Kliknite na ime serije za sve plo\u010dice u toj seriji: Aparici Poeme Da bi naru\u010dili model iz PDF kataloga ove serije, molimo vas, da [&hellip;]<\/p>\n","protected":false},"featured_media":88307,"template":"","meta":[],"product_cat":[999773,200,230,240,999,250],"product_tag":[],"_links":{"self":[{"href":"https:\/\/www.keramika.com\/srbija\/wp-json\/wp\/v2\/product\/88306"}],"collection":[{"href":"https:\/\/www.keramika.com\/srbija\/wp-json\/wp\/v2\/product"}],"about":[{"href":"https:\/\/www.keramika.com\/srbija\/wp-json\/wp\/v2\/types\/product"}],"wp:featuredmedia":[{"embeddable":true,"href":"https:\/\/www.keramika.com\/srbija\/wp-json\/wp\/v2\/media\/88307"}],"wp:attachment":[{"href":"https:\/\/www.keramika.com\/srbija\/wp-json\/wp\/v2\/media?parent=88306"}],"wp:term":[{"taxonomy":"product_cat","embeddable":true,"href":"https:\/\/www.keramika.com\/srbija\/wp-json\/wp\/v2\/product_cat?post=88306"},{"taxonomy":"product_tag","embeddable":true,"href":"https:\/\/www.keramika.com\/srbija\/wp-json\/wp\/v2\/product_tag?post=88306"}],"curies":[{"name":"wp","href":"https:\/\/api.w.org\/{rel}","templated":true}]}}