{"id":88286,"date":"2017-07-01T15:32:16","date_gmt":"2017-07-01T15:32:16","guid":{"rendered":"http:\/\/www.ceramictiles.com\/srbija\/product\/keramika-aparici-monti-nuez\/"},"modified":"2017-07-01T15:32:16","modified_gmt":"2017-07-01T15:32:16","slug":"keramika-aparici-monti-nuez","status":"publish","type":"product","link":"https:\/\/www.keramika.com\/srbija\/keramika-aparici-monti-nuez\/","title":{"rendered":"Keramika Aparici Monti Nuez"},"content":{"rendered":"<p>Veli\u010dina 20&#215;59,2 cm je odli\u010dna za sve podloge. Debljina 9 mm \u010dini plo\u010dicu vrlo izdr\u017eljivom i prijatnom na dodir. Ove plo\u010dice dolaze od proizvo\u0111a\u010da Aparici, iz \u0160panije. Ove braon kerami\u010dke plo\u010dice, obogatit \u0107e svaki prostor.<\/p>\n<p>Kliknite na ime serije za sve plo\u010dice u toj seriji: <a class=\"pdfcatal\" href=\"\/\/www.ceramictiles.com\/pdf\/aparici\/catalogue_aparici_monti.pdf\" onclick=\"recordOutboundLink(this, 'E-mail', 'Description PDF');return false;\">Aparici Monti<\/a><\/p>\n<p>Da bi naru\u010dili model iz PDF kataloga ove serije, molimo vas, da nas kontaktirate na: <a href=\"mailto:zo_mi@ceramictiles.com\" onclick=\"recordOutboundLink(this, 'E-mail', 'Description mail');return false;\">zo_mi@ceramictiles.com<\/a> ili nas pozovite na: For exact offer, PLS send us quantity and product you need with delivery address..<\/p>\n<p>Technical description: <br \/>  W 20&#215;59,2 <br \/>Monti Crema ; Monti Verde ; Monti Nuez ;<\/p>\n","protected":false},"excerpt":{"rendered":"<p>Veli\u010dina 20&#215;59,2 cm je odli\u010dna za sve podloge. Debljina 9 mm \u010dini plo\u010dicu vrlo izdr\u017eljivom i prijatnom na dodir. Ove plo\u010dice dolaze od proizvo\u0111a\u010da Aparici, iz \u0160panije. Ove braon kerami\u010dke plo\u010dice, obogatit \u0107e svaki prostor. Kliknite na ime serije za sve plo\u010dice u toj seriji: Aparici Monti Da bi naru\u010dili model iz PDF kataloga ove [&hellip;]<\/p>\n","protected":false},"featured_media":88287,"template":"","meta":[],"product_cat":[999773,200,220,240,999,250],"product_tag":[],"_links":{"self":[{"href":"https:\/\/www.keramika.com\/srbija\/wp-json\/wp\/v2\/product\/88286"}],"collection":[{"href":"https:\/\/www.keramika.com\/srbija\/wp-json\/wp\/v2\/product"}],"about":[{"href":"https:\/\/www.keramika.com\/srbija\/wp-json\/wp\/v2\/types\/product"}],"wp:featuredmedia":[{"embeddable":true,"href":"https:\/\/www.keramika.com\/srbija\/wp-json\/wp\/v2\/media\/88287"}],"wp:attachment":[{"href":"https:\/\/www.keramika.com\/srbija\/wp-json\/wp\/v2\/media?parent=88286"}],"wp:term":[{"taxonomy":"product_cat","embeddable":true,"href":"https:\/\/www.keramika.com\/srbija\/wp-json\/wp\/v2\/product_cat?post=88286"},{"taxonomy":"product_tag","embeddable":true,"href":"https:\/\/www.keramika.com\/srbija\/wp-json\/wp\/v2\/product_tag?post=88286"}],"curies":[{"name":"wp","href":"https:\/\/api.w.org\/{rel}","templated":true}]}}