{"id":88282,"date":"2017-07-01T15:31:38","date_gmt":"2017-07-01T15:31:38","guid":{"rendered":"http:\/\/www.ceramictiles.com\/srbija\/product\/keramika-aparici-mitra-negro\/"},"modified":"2017-07-01T15:31:38","modified_gmt":"2017-07-01T15:31:38","slug":"keramika-aparici-mitra-negro","status":"publish","type":"product","link":"https:\/\/www.keramika.com\/srbija\/keramika-aparici-mitra-negro\/","title":{"rendered":"Keramika Aparici Mitra Negro"},"content":{"rendered":"<p>Plo\u010dice dolaze iz \u0160panije, koja je poznata po kvalitetnoj keramiki. 9 mm debljina \u0107e zadovoljiti i najzahtevnije kupce. Veli\u010dina plo\u010dice je 31,6&#215;59,2 cm i odli\u010dna je za razli\u010dite povr\u0161ine. Plo\u010dice crne boje osvje\u017eit \u0107e svaki prostor.<\/p>\n<p>Kliknite na ime serije za sve plo\u010dice u toj seriji: <a class=\"pdfcatal\" href=\"\/\/www.ceramictiles.com\/pdf\/aparici\/catalogue_aparici_mitra.pdf\" onclick=\"recordOutboundLink(this, 'E-mail', 'Description PDF');return false;\">Aparici Mitra<\/a><\/p>\n<p>Da bi naru\u010dili model iz PDF kataloga ove serije, molimo vas, da nas kontaktirate na: <a href=\"mailto:zo_mi@ceramictiles.com\" onclick=\"recordOutboundLink(this, 'E-mail', 'Description mail');return false;\">zo_mi@ceramictiles.com<\/a> ili nas pozovite na: For exact offer, PLS send us quantity and product you need with delivery address..<\/p>\n<p>Technical description: <br \/>  F 31,6&#215;59,2 <br \/>Mitra Marfil ; Mitra Beige ; Mitra Negro ; Mitra Rosso ;<\/p>\n","protected":false},"excerpt":{"rendered":"<p>Plo\u010dice dolaze iz \u0160panije, koja je poznata po kvalitetnoj keramiki. 9 mm debljina \u0107e zadovoljiti i najzahtevnije kupce. Veli\u010dina plo\u010dice je 31,6&#215;59,2 cm i odli\u010dna je za razli\u010dite povr\u0161ine. Plo\u010dice crne boje osvje\u017eit \u0107e svaki prostor. Kliknite na ime serije za sve plo\u010dice u toj seriji: Aparici Mitra Da bi naru\u010dili model iz PDF kataloga [&hellip;]<\/p>\n","protected":false},"featured_media":88283,"template":"","meta":[],"product_cat":[999773,200,220,240,999,250],"product_tag":[],"_links":{"self":[{"href":"https:\/\/www.keramika.com\/srbija\/wp-json\/wp\/v2\/product\/88282"}],"collection":[{"href":"https:\/\/www.keramika.com\/srbija\/wp-json\/wp\/v2\/product"}],"about":[{"href":"https:\/\/www.keramika.com\/srbija\/wp-json\/wp\/v2\/types\/product"}],"wp:featuredmedia":[{"embeddable":true,"href":"https:\/\/www.keramika.com\/srbija\/wp-json\/wp\/v2\/media\/88283"}],"wp:attachment":[{"href":"https:\/\/www.keramika.com\/srbija\/wp-json\/wp\/v2\/media?parent=88282"}],"wp:term":[{"taxonomy":"product_cat","embeddable":true,"href":"https:\/\/www.keramika.com\/srbija\/wp-json\/wp\/v2\/product_cat?post=88282"},{"taxonomy":"product_tag","embeddable":true,"href":"https:\/\/www.keramika.com\/srbija\/wp-json\/wp\/v2\/product_tag?post=88282"}],"curies":[{"name":"wp","href":"https:\/\/api.w.org\/{rel}","templated":true}]}}