{"id":88272,"date":"2017-07-01T15:29:54","date_gmt":"2017-07-01T15:29:54","guid":{"rendered":"http:\/\/www.ceramictiles.com\/srbija\/product\/keramika-aparici-live-ocre\/"},"modified":"2017-07-01T15:29:54","modified_gmt":"2017-07-01T15:29:54","slug":"keramika-aparici-live-ocre","status":"publish","type":"product","link":"https:\/\/www.keramika.com\/srbija\/keramika-aparici-live-ocre\/","title":{"rendered":"Keramika Aparici Live Ocre"},"content":{"rendered":"<p>Plo\u010dice dolaze iz \u0160panije, koja je poznata po kvalitetnoj keramiki. Ove be\u017e kerami\u010dke plo\u010dice, obogatit \u0107e svaki prostor. 9 mm debljine je dovoljno za zahtevnije kupce. Dimenzije ovih plo\u010dica su 31,6&#215;59,2 cm.<\/p>\n<p>Kliknite na ime serije za sve plo\u010dice u toj seriji: <a class=\"pdfcatal\" href=\"\/\/www.ceramictiles.com\/pdf\/aparici\/catalogue_aparici_live.pdf\" onclick=\"recordOutboundLink(this, 'E-mail', 'Description PDF');return false;\">Aparici Live<\/a><\/p>\n<p>Da bi naru\u010dili model iz PDF kataloga ove serije, molimo vas, da nas kontaktirate na: <a href=\"mailto:zo_mi@ceramictiles.com\" onclick=\"recordOutboundLink(this, 'E-mail', 'Description mail');return false;\">zo_mi@ceramictiles.com<\/a> ili nas pozovite na: For exact offer, PLS send us quantity and product you need with delivery address..<\/p>\n<p>Technical description: <br \/>  F 31,6&#215;59,2 <br \/>Live Crema ; Live Ocre ; Live Antracita ;<\/p>\n","protected":false},"excerpt":{"rendered":"<p>Plo\u010dice dolaze iz \u0160panije, koja je poznata po kvalitetnoj keramiki. Ove be\u017e kerami\u010dke plo\u010dice, obogatit \u0107e svaki prostor. 9 mm debljine je dovoljno za zahtevnije kupce. Dimenzije ovih plo\u010dica su 31,6&#215;59,2 cm. Kliknite na ime serije za sve plo\u010dice u toj seriji: Aparici Live Da bi naru\u010dili model iz PDF kataloga ove serije, molimo vas, [&hellip;]<\/p>\n","protected":false},"featured_media":88273,"template":"","meta":[],"product_cat":[999773,200,230,240,999],"product_tag":[],"_links":{"self":[{"href":"https:\/\/www.keramika.com\/srbija\/wp-json\/wp\/v2\/product\/88272"}],"collection":[{"href":"https:\/\/www.keramika.com\/srbija\/wp-json\/wp\/v2\/product"}],"about":[{"href":"https:\/\/www.keramika.com\/srbija\/wp-json\/wp\/v2\/types\/product"}],"wp:featuredmedia":[{"embeddable":true,"href":"https:\/\/www.keramika.com\/srbija\/wp-json\/wp\/v2\/media\/88273"}],"wp:attachment":[{"href":"https:\/\/www.keramika.com\/srbija\/wp-json\/wp\/v2\/media?parent=88272"}],"wp:term":[{"taxonomy":"product_cat","embeddable":true,"href":"https:\/\/www.keramika.com\/srbija\/wp-json\/wp\/v2\/product_cat?post=88272"},{"taxonomy":"product_tag","embeddable":true,"href":"https:\/\/www.keramika.com\/srbija\/wp-json\/wp\/v2\/product_tag?post=88272"}],"curies":[{"name":"wp","href":"https:\/\/api.w.org\/{rel}","templated":true}]}}