{"id":88254,"date":"2017-07-01T15:27:12","date_gmt":"2017-07-01T15:27:12","guid":{"rendered":"http:\/\/www.ceramictiles.com\/srbija\/product\/keramika-aparici-gamma-grey\/"},"modified":"2017-07-01T15:27:12","modified_gmt":"2017-07-01T15:27:12","slug":"keramika-aparici-gamma-grey","status":"publish","type":"product","link":"https:\/\/www.keramika.com\/srbija\/keramika-aparici-gamma-grey\/","title":{"rendered":"Keramika Aparici Gamma Grey"},"content":{"rendered":"<p>Plo\u010dica je debela 9 mm, \u0161to je ubraja u tvrde plo\u010dice. Ceramicas Aparici Gamma Grey dolazi iz \u0160panije, koja je poznata po vrlo visokoj kvaliteta keramike u svetu. U izboru plo\u010dica bele boje, ne mo\u017eete pogre\u0161iti. Dimenzije ovih plo\u010dica su 25,1&#215;75,6 cm.<\/p>\n<p>Kliknite na ime serije za sve plo\u010dice u toj seriji: <a class=\"pdfcatal\" href=\"\/\/www.ceramictiles.com\/pdf\/aparici\/catalogue_aparici_gamma.pdf\" onclick=\"recordOutboundLink(this, 'E-mail', 'Description PDF');return false;\">Aparici Gamma<\/a><\/p>\n<p>Da bi naru\u010dili model iz PDF kataloga ove serije, molimo vas, da nas kontaktirate na: <a href=\"mailto:zo_mi@ceramictiles.com\" onclick=\"recordOutboundLink(this, 'E-mail', 'Description mail');return false;\">zo_mi@ceramictiles.com<\/a> ili nas pozovite na: For exact offer, PLS send us quantity and product you need with delivery address..<\/p>\n<p>Technical description: <br \/>  W &#038; F 25,1&#215;75,6 ; 31,6&#215;59,2 <br \/>Gamma Ivory ; Gamma Ivory Natural ; Gamma Grey ; Gamma Grey Natural ; Gamma Beige ; Gamma Beige Natural ;<\/p>\n","protected":false},"excerpt":{"rendered":"<p>Plo\u010dica je debela 9 mm, \u0161to je ubraja u tvrde plo\u010dice. Ceramicas Aparici Gamma Grey dolazi iz \u0160panije, koja je poznata po vrlo visokoj kvaliteta keramike u svetu. U izboru plo\u010dica bele boje, ne mo\u017eete pogre\u0161iti. Dimenzije ovih plo\u010dica su 25,1&#215;75,6 cm. Kliknite na ime serije za sve plo\u010dice u toj seriji: Aparici Gamma Da [&hellip;]<\/p>\n","protected":false},"featured_media":88255,"template":"","meta":[],"product_cat":[999773,200,220,240,999,250],"product_tag":[],"_links":{"self":[{"href":"https:\/\/www.keramika.com\/srbija\/wp-json\/wp\/v2\/product\/88254"}],"collection":[{"href":"https:\/\/www.keramika.com\/srbija\/wp-json\/wp\/v2\/product"}],"about":[{"href":"https:\/\/www.keramika.com\/srbija\/wp-json\/wp\/v2\/types\/product"}],"wp:featuredmedia":[{"embeddable":true,"href":"https:\/\/www.keramika.com\/srbija\/wp-json\/wp\/v2\/media\/88255"}],"wp:attachment":[{"href":"https:\/\/www.keramika.com\/srbija\/wp-json\/wp\/v2\/media?parent=88254"}],"wp:term":[{"taxonomy":"product_cat","embeddable":true,"href":"https:\/\/www.keramika.com\/srbija\/wp-json\/wp\/v2\/product_cat?post=88254"},{"taxonomy":"product_tag","embeddable":true,"href":"https:\/\/www.keramika.com\/srbija\/wp-json\/wp\/v2\/product_tag?post=88254"}],"curies":[{"name":"wp","href":"https:\/\/api.w.org\/{rel}","templated":true}]}}