{"id":88224,"date":"2017-07-01T15:21:39","date_gmt":"2017-07-01T15:21:39","guid":{"rendered":"http:\/\/www.ceramictiles.com\/srbija\/product\/keramika-aparici-coast-marfil\/"},"modified":"2017-07-01T15:21:39","modified_gmt":"2017-07-01T15:21:39","slug":"keramika-aparici-coast-marfil","status":"publish","type":"product","link":"https:\/\/www.keramika.com\/srbija\/keramika-aparici-coast-marfil\/","title":{"rendered":"Keramika Aparici Coast Marfil"},"content":{"rendered":"<p>Keramika je prekrasne srebrne boje. U koliko \u017eelite neku drugu boju, pozovite nas i mi \u0107emo proveriti kod proizvo\u0111a\u010da. Plo\u010dica 20&#215;59,2 cm je dobra za ve\u0107 razli\u010ditih namena. Ova plo\u010dica je debela 9 mm i zato je izuzetno izdr\u017eljiva. plo\u010dica proizvo\u0111a\u010da Aparici iz \u0160panije.<\/p>\n<p>Kliknite na ime serije za sve plo\u010dice u toj seriji: <a class=\"pdfcatal\" href=\"\/\/www.ceramictiles.com\/pdf\/aparici\/catalogue_aparici_coast.pdf\" onclick=\"recordOutboundLink(this, 'E-mail', 'Description PDF');return false;\">Aparici Coast<\/a><\/p>\n<p>Da bi naru\u010dili model iz PDF kataloga ove serije, molimo vas, da nas kontaktirate na: <a href=\"mailto:zo_mi@ceramictiles.com\" onclick=\"recordOutboundLink(this, 'E-mail', 'Description mail');return false;\">zo_mi@ceramictiles.com<\/a> ili nas pozovite na: For exact offer, PLS send us quantity and product you need with delivery address..<\/p>\n<p>Technical description: <br \/>  W 20&#215;59,2 <br \/>Coast Marfil ; Coast Marfil Trenz ; Coast Gris ; Coast Gris Trenz ; Coast Ocre ; Coast Ocre Trenz ;<\/p>\n","protected":false},"excerpt":{"rendered":"<p>Keramika je prekrasne srebrne boje. U koliko \u017eelite neku drugu boju, pozovite nas i mi \u0107emo proveriti kod proizvo\u0111a\u010da. Plo\u010dica 20&#215;59,2 cm je dobra za ve\u0107 razli\u010ditih namena. Ova plo\u010dica je debela 9 mm i zato je izuzetno izdr\u017eljiva. plo\u010dica proizvo\u0111a\u010da Aparici iz \u0160panije. Kliknite na ime serije za sve plo\u010dice u toj seriji: Aparici [&hellip;]<\/p>\n","protected":false},"featured_media":88225,"template":"","meta":[],"product_cat":[999773,200,220,240,999,250],"product_tag":[],"_links":{"self":[{"href":"https:\/\/www.keramika.com\/srbija\/wp-json\/wp\/v2\/product\/88224"}],"collection":[{"href":"https:\/\/www.keramika.com\/srbija\/wp-json\/wp\/v2\/product"}],"about":[{"href":"https:\/\/www.keramika.com\/srbija\/wp-json\/wp\/v2\/types\/product"}],"wp:featuredmedia":[{"embeddable":true,"href":"https:\/\/www.keramika.com\/srbija\/wp-json\/wp\/v2\/media\/88225"}],"wp:attachment":[{"href":"https:\/\/www.keramika.com\/srbija\/wp-json\/wp\/v2\/media?parent=88224"}],"wp:term":[{"taxonomy":"product_cat","embeddable":true,"href":"https:\/\/www.keramika.com\/srbija\/wp-json\/wp\/v2\/product_cat?post=88224"},{"taxonomy":"product_tag","embeddable":true,"href":"https:\/\/www.keramika.com\/srbija\/wp-json\/wp\/v2\/product_tag?post=88224"}],"curies":[{"name":"wp","href":"https:\/\/api.w.org\/{rel}","templated":true}]}}