{"id":88222,"date":"2017-07-01T15:21:21","date_gmt":"2017-07-01T15:21:21","guid":{"rendered":"http:\/\/www.ceramictiles.com\/srbija\/product\/keramika-aparici-clinker-grey\/"},"modified":"2017-07-01T15:21:21","modified_gmt":"2017-07-01T15:21:21","slug":"keramika-aparici-clinker-grey","status":"publish","type":"product","link":"https:\/\/www.keramika.com\/srbija\/keramika-aparici-clinker-grey\/","title":{"rendered":"Keramika Aparici Clinker Grey"},"content":{"rendered":"<p>Ove plo\u010dice dolaze od proizvo\u0111a\u010da Aparici, iz \u0160panije. Veli\u010dina 31,6&#215;59,2 cm je odli\u010dna za sve podloge. Keramika je prekrasne sive boje. U koliko \u017eelite neku drugu boju, pozovite nas i mi \u0107emo proveriti kod proizvo\u0111a\u010da. Debljina 9 mm \u010dini plo\u010dicu vrlo izdr\u017eljivom i prijatnom na dodir.<\/p>\n<p>Kliknite na ime serije za sve plo\u010dice u toj seriji: <a class=\"pdfcatal\" href=\"\/\/www.ceramictiles.com\/pdf\/aparici\/catalogue_aparici_clinker.pdf\" onclick=\"recordOutboundLink(this, 'E-mail', 'Description PDF');return false;\">Aparici Clinker<\/a><\/p>\n<p>Da bi naru\u010dili model iz PDF kataloga ove serije, molimo vas, da nas kontaktirate na: <a href=\"mailto:zo_mi@ceramictiles.com\" onclick=\"recordOutboundLink(this, 'E-mail', 'Description mail');return false;\">zo_mi@ceramictiles.com<\/a> ili nas pozovite na: For exact offer, PLS send us quantity and product you need with delivery address..<\/p>\n<p>Technical description: <br \/>  W &#038; F 31,6&#215;59,2 ; 59,2&#215;59,2 <br \/>Clinker Ivory ; Clinker Ivory Vortex ; Clinker Ivory Natural ; Clinker Grey ; Clinker Grey Vortex ; Clinker Grey Natural ; Clinker Beige ; Clinker Beige Vortex ; Clinker Beige Natural ; Clinker Ornato ;<\/p>\n","protected":false},"excerpt":{"rendered":"<p>Ove plo\u010dice dolaze od proizvo\u0111a\u010da Aparici, iz \u0160panije. Veli\u010dina 31,6&#215;59,2 cm je odli\u010dna za sve podloge. Keramika je prekrasne sive boje. U koliko \u017eelite neku drugu boju, pozovite nas i mi \u0107emo proveriti kod proizvo\u0111a\u010da. Debljina 9 mm \u010dini plo\u010dicu vrlo izdr\u017eljivom i prijatnom na dodir. Kliknite na ime serije za sve plo\u010dice u toj [&hellip;]<\/p>\n","protected":false},"featured_media":88223,"template":"","meta":[],"product_cat":[999773,200,220,240,999,250],"product_tag":[],"_links":{"self":[{"href":"https:\/\/www.keramika.com\/srbija\/wp-json\/wp\/v2\/product\/88222"}],"collection":[{"href":"https:\/\/www.keramika.com\/srbija\/wp-json\/wp\/v2\/product"}],"about":[{"href":"https:\/\/www.keramika.com\/srbija\/wp-json\/wp\/v2\/types\/product"}],"wp:featuredmedia":[{"embeddable":true,"href":"https:\/\/www.keramika.com\/srbija\/wp-json\/wp\/v2\/media\/88223"}],"wp:attachment":[{"href":"https:\/\/www.keramika.com\/srbija\/wp-json\/wp\/v2\/media?parent=88222"}],"wp:term":[{"taxonomy":"product_cat","embeddable":true,"href":"https:\/\/www.keramika.com\/srbija\/wp-json\/wp\/v2\/product_cat?post=88222"},{"taxonomy":"product_tag","embeddable":true,"href":"https:\/\/www.keramika.com\/srbija\/wp-json\/wp\/v2\/product_tag?post=88222"}],"curies":[{"name":"wp","href":"https:\/\/api.w.org\/{rel}","templated":true}]}}