{"id":88215,"date":"2017-07-01T15:19:53","date_gmt":"2017-07-01T15:19:53","guid":{"rendered":"http:\/\/www.ceramictiles.com\/srbija\/product\/keramika-aparici-clay-terra\/"},"modified":"2017-07-01T15:19:53","modified_gmt":"2017-07-01T15:19:53","slug":"keramika-aparici-clay-terra","status":"publish","type":"product","link":"https:\/\/www.keramika.com\/srbija\/keramika-aparici-clay-terra\/","title":{"rendered":"Keramika Aparici Clay Terra"},"content":{"rendered":"<p>Veli\u010dina ove plo\u010dice je 20&#215;59,2 cm. Ceramicas Aparici Clay Terra dolazi iz \u0160panije, koja je poznata po vrlo visokoj kvaliteta keramike u svetu. Ove braon kerami\u010dke plo\u010dice, obogatit \u0107e svaki prostor. Debljina 9 mm \u010dini plo\u010dicu vrlo izdr\u017eljivom i prijatnom na dodir.<\/p>\n<p>Kliknite na ime serije za sve plo\u010dice u toj seriji: <a class=\"pdfcatal\" href=\"\/\/www.ceramictiles.com\/pdf\/aparici\/catalogue_aparici_clay.pdf\" onclick=\"recordOutboundLink(this, 'E-mail', 'Description PDF');return false;\">Aparici Clay<\/a><\/p>\n<p>Da bi naru\u010dili model iz PDF kataloga ove serije, molimo vas, da nas kontaktirate na: <a href=\"mailto:zo_mi@ceramictiles.com\" onclick=\"recordOutboundLink(this, 'E-mail', 'Description mail');return false;\">zo_mi@ceramictiles.com<\/a> ili nas pozovite na: For exact offer, PLS send us quantity and product you need with delivery address..<\/p>\n<p>Technical description: <br \/>  W 20&#215;59,2 <br \/>Clay Blanco ; Clay Terra ; Clay Miel ;<\/p>\n","protected":false},"excerpt":{"rendered":"<p>Veli\u010dina ove plo\u010dice je 20&#215;59,2 cm. Ceramicas Aparici Clay Terra dolazi iz \u0160panije, koja je poznata po vrlo visokoj kvaliteta keramike u svetu. Ove braon kerami\u010dke plo\u010dice, obogatit \u0107e svaki prostor. Debljina 9 mm \u010dini plo\u010dicu vrlo izdr\u017eljivom i prijatnom na dodir. Kliknite na ime serije za sve plo\u010dice u toj seriji: Aparici Clay Da [&hellip;]<\/p>\n","protected":false},"featured_media":88216,"template":"","meta":[],"product_cat":[999773,200,220,240,999,250],"product_tag":[],"_links":{"self":[{"href":"https:\/\/www.keramika.com\/srbija\/wp-json\/wp\/v2\/product\/88215"}],"collection":[{"href":"https:\/\/www.keramika.com\/srbija\/wp-json\/wp\/v2\/product"}],"about":[{"href":"https:\/\/www.keramika.com\/srbija\/wp-json\/wp\/v2\/types\/product"}],"wp:featuredmedia":[{"embeddable":true,"href":"https:\/\/www.keramika.com\/srbija\/wp-json\/wp\/v2\/media\/88216"}],"wp:attachment":[{"href":"https:\/\/www.keramika.com\/srbija\/wp-json\/wp\/v2\/media?parent=88215"}],"wp:term":[{"taxonomy":"product_cat","embeddable":true,"href":"https:\/\/www.keramika.com\/srbija\/wp-json\/wp\/v2\/product_cat?post=88215"},{"taxonomy":"product_tag","embeddable":true,"href":"https:\/\/www.keramika.com\/srbija\/wp-json\/wp\/v2\/product_tag?post=88215"}],"curies":[{"name":"wp","href":"https:\/\/api.w.org\/{rel}","templated":true}]}}