{"id":88207,"date":"2017-07-01T15:18:44","date_gmt":"2017-07-01T15:18:44","guid":{"rendered":"http:\/\/www.ceramictiles.com\/srbija\/product\/keramika-aparici-carnival-aqua\/"},"modified":"2017-07-01T15:18:44","modified_gmt":"2017-07-01T15:18:44","slug":"keramika-aparici-carnival-aqua","status":"publish","type":"product","link":"https:\/\/www.keramika.com\/srbija\/keramika-aparici-carnival-aqua\/","title":{"rendered":"Keramika Aparici Carnival Aqua"},"content":{"rendered":"<p>Veli\u010dina 20&#215;59,2 cm je odli\u010dna za sve podloge. Plo\u010dice bele boje osvje\u017eit \u0107e svaki prostor. Ceramicas Aparici Carnival Aqua dolazi iz \u0160panije, koja je poznata po vrlo visokoj kvaliteta keramike u svetu. 9 mm debljine je dovoljno za zahtevnije kupce.<\/p>\n<p>Kliknite na ime serije za sve plo\u010dice u toj seriji: <a class=\"pdfcatal\" href=\"\/\/www.ceramictiles.com\/pdf\/aparici\/catalogue_aparici_carnival.pdf\" onclick=\"recordOutboundLink(this, 'E-mail', 'Description PDF');return false;\">Aparici Carnival<\/a><\/p>\n<p>Da bi naru\u010dili model iz PDF kataloga ove serije, molimo vas, da nas kontaktirate na: <a href=\"mailto:zo_mi@ceramictiles.com\" onclick=\"recordOutboundLink(this, 'E-mail', 'Description mail');return false;\">zo_mi@ceramictiles.com<\/a> ili nas pozovite na: For exact offer, PLS send us quantity and product you need with delivery address..<\/p>\n<p>Technical description: <br \/>  W 20&#215;59,2 <br \/>Carnival Aqua ; Carnival Mar ; Carnival Beige ; Carnival Melocoton ;<\/p>\n","protected":false},"excerpt":{"rendered":"<p>Veli\u010dina 20&#215;59,2 cm je odli\u010dna za sve podloge. Plo\u010dice bele boje osvje\u017eit \u0107e svaki prostor. Ceramicas Aparici Carnival Aqua dolazi iz \u0160panije, koja je poznata po vrlo visokoj kvaliteta keramike u svetu. 9 mm debljine je dovoljno za zahtevnije kupce. Kliknite na ime serije za sve plo\u010dice u toj seriji: Aparici Carnival Da bi naru\u010dili [&hellip;]<\/p>\n","protected":false},"featured_media":88208,"template":"","meta":[],"product_cat":[999773,200,220,240,999,250],"product_tag":[],"_links":{"self":[{"href":"https:\/\/www.keramika.com\/srbija\/wp-json\/wp\/v2\/product\/88207"}],"collection":[{"href":"https:\/\/www.keramika.com\/srbija\/wp-json\/wp\/v2\/product"}],"about":[{"href":"https:\/\/www.keramika.com\/srbija\/wp-json\/wp\/v2\/types\/product"}],"wp:featuredmedia":[{"embeddable":true,"href":"https:\/\/www.keramika.com\/srbija\/wp-json\/wp\/v2\/media\/88208"}],"wp:attachment":[{"href":"https:\/\/www.keramika.com\/srbija\/wp-json\/wp\/v2\/media?parent=88207"}],"wp:term":[{"taxonomy":"product_cat","embeddable":true,"href":"https:\/\/www.keramika.com\/srbija\/wp-json\/wp\/v2\/product_cat?post=88207"},{"taxonomy":"product_tag","embeddable":true,"href":"https:\/\/www.keramika.com\/srbija\/wp-json\/wp\/v2\/product_tag?post=88207"}],"curies":[{"name":"wp","href":"https:\/\/api.w.org\/{rel}","templated":true}]}}