{"id":88203,"date":"2017-07-01T15:18:10","date_gmt":"2017-07-01T15:18:10","guid":{"rendered":"http:\/\/www.ceramictiles.com\/srbija\/product\/keramika-aparici-buxi-musgo\/"},"modified":"2017-07-01T15:18:10","modified_gmt":"2017-07-01T15:18:10","slug":"keramika-aparici-buxi-musgo","status":"publish","type":"product","link":"https:\/\/www.keramika.com\/srbija\/keramika-aparici-buxi-musgo\/","title":{"rendered":"Keramika Aparici Buxi Musgo"},"content":{"rendered":"<p>Ceramicas Aparici Buxi Musgo je proizvod iz \u0160panije te je izuzetno kvalitetna. Plo\u010dice braon boje osvje\u017eit \u0107e svaki prostor. Plo\u010dica na sliki je 31,6&#215;44,4 cm. 9 mm debljina \u0107e zadovoljiti i najzahtevnije kupce.<\/p>\n<p>Kliknite na ime serije za sve plo\u010dice u toj seriji: <a class=\"pdfcatal\" href=\"\/\/www.ceramictiles.com\/pdf\/aparici\/catalogue_aparici_buxi.pdf\" onclick=\"recordOutboundLink(this, 'E-mail', 'Description PDF');return false;\">Aparici Buxi<\/a><\/p>\n<p>Da bi naru\u010dili model iz PDF kataloga ove serije, molimo vas, da nas kontaktirate na: <a href=\"mailto:zo_mi@ceramictiles.com\" onclick=\"recordOutboundLink(this, 'E-mail', 'Description mail');return false;\">zo_mi@ceramictiles.com<\/a> ili nas pozovite na: For exact offer, PLS send us quantity and product you need with delivery address..<\/p>\n<p>Technical description: <br \/>  W 31,6&#215;44,5 <br \/>Buxi Marfil ; Buxi Beige ; Buxi Musgo ;<\/p>\n","protected":false},"excerpt":{"rendered":"<p>Ceramicas Aparici Buxi Musgo je proizvod iz \u0160panije te je izuzetno kvalitetna. Plo\u010dice braon boje osvje\u017eit \u0107e svaki prostor. Plo\u010dica na sliki je 31,6&#215;44,4 cm. 9 mm debljina \u0107e zadovoljiti i najzahtevnije kupce. Kliknite na ime serije za sve plo\u010dice u toj seriji: Aparici Buxi Da bi naru\u010dili model iz PDF kataloga ove serije, molimo [&hellip;]<\/p>\n","protected":false},"featured_media":88204,"template":"","meta":[],"product_cat":[999773,200,220,240,999,250],"product_tag":[],"_links":{"self":[{"href":"https:\/\/www.keramika.com\/srbija\/wp-json\/wp\/v2\/product\/88203"}],"collection":[{"href":"https:\/\/www.keramika.com\/srbija\/wp-json\/wp\/v2\/product"}],"about":[{"href":"https:\/\/www.keramika.com\/srbija\/wp-json\/wp\/v2\/types\/product"}],"wp:featuredmedia":[{"embeddable":true,"href":"https:\/\/www.keramika.com\/srbija\/wp-json\/wp\/v2\/media\/88204"}],"wp:attachment":[{"href":"https:\/\/www.keramika.com\/srbija\/wp-json\/wp\/v2\/media?parent=88203"}],"wp:term":[{"taxonomy":"product_cat","embeddable":true,"href":"https:\/\/www.keramika.com\/srbija\/wp-json\/wp\/v2\/product_cat?post=88203"},{"taxonomy":"product_tag","embeddable":true,"href":"https:\/\/www.keramika.com\/srbija\/wp-json\/wp\/v2\/product_tag?post=88203"}],"curies":[{"name":"wp","href":"https:\/\/api.w.org\/{rel}","templated":true}]}}