{"id":88198,"date":"2017-07-01T15:17:06","date_gmt":"2017-07-01T15:17:06","guid":{"rendered":"http:\/\/www.ceramictiles.com\/srbija\/product\/keramika-aparici-bulder-grey-random\/"},"modified":"2017-07-01T15:17:06","modified_gmt":"2017-07-01T15:17:06","slug":"keramika-aparici-bulder-grey-random","status":"publish","type":"product","link":"https:\/\/www.keramika.com\/srbija\/keramika-aparici-bulder-grey-random\/","title":{"rendered":"Keramika Aparici Bulder Grey Random"},"content":{"rendered":"<p>\u0160irina i du\u017eina plo\u010dice su 25,1&#215;75,6 cm. Keramika je prekrasne bele boje. U koliko \u017eelite neku drugu boju, pozovite nas i mi \u0107emo proveriti kod proizvo\u0111a\u010da. Ova plo\u010dica je debela 9 mm i zato je izuzetno izdr\u017eljiva. Ove plo\u010dice dolaze od proizvo\u0111a\u010da Aparici, iz \u0160panije.<\/p>\n<p>Kliknite na ime serije za sve plo\u010dice u toj seriji: <a class=\"pdfcatal\" href=\"\/\/www.ceramictiles.com\/pdf\/aparici\/catalogue_aparici_bulder.pdf\" onclick=\"recordOutboundLink(this, 'E-mail', 'Description PDF');return false;\">Aparici Bulder<\/a><\/p>\n<p>Da bi naru\u010dili model iz PDF kataloga ove serije, molimo vas, da nas kontaktirate na: <a href=\"mailto:zo_mi@ceramictiles.com\" onclick=\"recordOutboundLink(this, 'E-mail', 'Description mail');return false;\">zo_mi@ceramictiles.com<\/a> ili nas pozovite na: For exact offer, PLS send us quantity and product you need with delivery address..<\/p>\n<p>Technical description: <br \/>  W &#038; F 25,1&#215;75,6 ; 49,1&#215;49,1 <br \/>Bulder Nacar Random ; Bulder Nac\u00e1r Gres ; Bulder Ambar Random ; Bulder Ambar Iris ; Bulder Ambar Gres ; Bulder Grey Random ; Bulder Grey Iris ; Bulder Grey Gres ;<\/p>\n","protected":false},"excerpt":{"rendered":"<p>\u0160irina i du\u017eina plo\u010dice su 25,1&#215;75,6 cm. Keramika je prekrasne bele boje. U koliko \u017eelite neku drugu boju, pozovite nas i mi \u0107emo proveriti kod proizvo\u0111a\u010da. Ova plo\u010dica je debela 9 mm i zato je izuzetno izdr\u017eljiva. Ove plo\u010dice dolaze od proizvo\u0111a\u010da Aparici, iz \u0160panije. Kliknite na ime serije za sve plo\u010dice u toj seriji: [&hellip;]<\/p>\n","protected":false},"featured_media":88199,"template":"","meta":[],"product_cat":[999773,200,220,240,999,250],"product_tag":[],"_links":{"self":[{"href":"https:\/\/www.keramika.com\/srbija\/wp-json\/wp\/v2\/product\/88198"}],"collection":[{"href":"https:\/\/www.keramika.com\/srbija\/wp-json\/wp\/v2\/product"}],"about":[{"href":"https:\/\/www.keramika.com\/srbija\/wp-json\/wp\/v2\/types\/product"}],"wp:featuredmedia":[{"embeddable":true,"href":"https:\/\/www.keramika.com\/srbija\/wp-json\/wp\/v2\/media\/88199"}],"wp:attachment":[{"href":"https:\/\/www.keramika.com\/srbija\/wp-json\/wp\/v2\/media?parent=88198"}],"wp:term":[{"taxonomy":"product_cat","embeddable":true,"href":"https:\/\/www.keramika.com\/srbija\/wp-json\/wp\/v2\/product_cat?post=88198"},{"taxonomy":"product_tag","embeddable":true,"href":"https:\/\/www.keramika.com\/srbija\/wp-json\/wp\/v2\/product_tag?post=88198"}],"curies":[{"name":"wp","href":"https:\/\/api.w.org\/{rel}","templated":true}]}}