{"id":88194,"date":"2017-07-01T15:16:30","date_gmt":"2017-07-01T15:16:30","guid":{"rendered":"http:\/\/www.ceramictiles.com\/srbija\/product\/keramika-aparici-bellini-marfil\/"},"modified":"2017-07-01T15:16:30","modified_gmt":"2017-07-01T15:16:30","slug":"keramika-aparici-bellini-marfil","status":"publish","type":"product","link":"https:\/\/www.keramika.com\/srbija\/keramika-aparici-bellini-marfil\/","title":{"rendered":"Keramika Aparici Bellini Marfil"},"content":{"rendered":"<p>Ova plo\u010dica je debela 9 mm i zato je izuzetno izdr\u017eljiva. Plo\u010dice be\u017e boje, su letos izuzetno tre\u017eene. Plo\u010dice dolaze iz \u0160panije, koja je poznata po kvalitetnoj keramiki. Dimenzije ovih plo\u010dica su 31,6&#215;59,2 cm.<\/p>\n<p>Kliknite na ime serije za sve plo\u010dice u toj seriji: <a class=\"pdfcatal\" href=\"\/\/www.ceramictiles.com\/pdf\/aparici\/catalogue_aparici_bellini.pdf\" onclick=\"recordOutboundLink(this, 'E-mail', 'Description PDF');return false;\">Aparici Bellini<\/a><\/p>\n<p>Da bi naru\u010dili model iz PDF kataloga ove serije, molimo vas, da nas kontaktirate na: <a href=\"mailto:zo_mi@ceramictiles.com\" onclick=\"recordOutboundLink(this, 'E-mail', 'Description mail');return false;\">zo_mi@ceramictiles.com<\/a> ili nas pozovite na: For exact offer, PLS send us quantity and product you need with delivery address..<\/p>\n<p>Technical description: <br \/>  W 31,6&#215;59,2 <br \/>Bellini Marfil ; Bellini Crema ; Bellini Salvia ;<\/p>\n","protected":false},"excerpt":{"rendered":"<p>Ova plo\u010dica je debela 9 mm i zato je izuzetno izdr\u017eljiva. Plo\u010dice be\u017e boje, su letos izuzetno tre\u017eene. Plo\u010dice dolaze iz \u0160panije, koja je poznata po kvalitetnoj keramiki. Dimenzije ovih plo\u010dica su 31,6&#215;59,2 cm. Kliknite na ime serije za sve plo\u010dice u toj seriji: Aparici Bellini Da bi naru\u010dili model iz PDF kataloga ove serije, [&hellip;]<\/p>\n","protected":false},"featured_media":88195,"template":"","meta":[],"product_cat":[999773,200,220,240,999,250],"product_tag":[],"_links":{"self":[{"href":"https:\/\/www.keramika.com\/srbija\/wp-json\/wp\/v2\/product\/88194"}],"collection":[{"href":"https:\/\/www.keramika.com\/srbija\/wp-json\/wp\/v2\/product"}],"about":[{"href":"https:\/\/www.keramika.com\/srbija\/wp-json\/wp\/v2\/types\/product"}],"wp:featuredmedia":[{"embeddable":true,"href":"https:\/\/www.keramika.com\/srbija\/wp-json\/wp\/v2\/media\/88195"}],"wp:attachment":[{"href":"https:\/\/www.keramika.com\/srbija\/wp-json\/wp\/v2\/media?parent=88194"}],"wp:term":[{"taxonomy":"product_cat","embeddable":true,"href":"https:\/\/www.keramika.com\/srbija\/wp-json\/wp\/v2\/product_cat?post=88194"},{"taxonomy":"product_tag","embeddable":true,"href":"https:\/\/www.keramika.com\/srbija\/wp-json\/wp\/v2\/product_tag?post=88194"}],"curies":[{"name":"wp","href":"https:\/\/api.w.org\/{rel}","templated":true}]}}