{"id":88164,"date":"2017-07-01T15:10:59","date_gmt":"2017-07-01T15:10:59","guid":{"rendered":"http:\/\/www.ceramictiles.com\/srbija\/product\/keramika-aparici-absolut-ivory\/"},"modified":"2017-07-01T15:10:59","modified_gmt":"2017-07-01T15:10:59","slug":"keramika-aparici-absolut-ivory","status":"publish","type":"product","link":"https:\/\/www.keramika.com\/srbija\/keramika-aparici-absolut-ivory\/","title":{"rendered":"Keramika Aparici Absolut Ivory"},"content":{"rendered":"<p>Plo\u010dica na sliki je 31,6&#215;75,6 cm. Plo\u010dica je debela 9 mm, \u0161to je ubraja u tvrde plo\u010dice. Ceramicas Aparici Absolut Ivory je proizvod iz \u0160panije te je izuzetno kvalitetna. Keramika je prekrasne be\u017e boje. U koliko \u017eelite neku drugu boju, pozovite nas i mi \u0107emo proveriti kod proizvo\u0111a\u010da.<\/p>\n<p>Kliknite na ime serije za sve plo\u010dice u toj seriji: <a class=\"pdfcatal\" href=\"\/\/www.ceramictiles.com\/pdf\/aparici\/catalogue_aparici_absolut.pdf\" onclick=\"recordOutboundLink(this, 'E-mail', 'Description PDF');return false;\">Aparici Absolut<\/a><\/p>\n<p>Da bi naru\u010dili model iz PDF kataloga ove serije, molimo vas, da nas kontaktirate na: <a href=\"mailto:zo_mi@ceramictiles.com\" onclick=\"recordOutboundLink(this, 'E-mail', 'Description mail');return false;\">zo_mi@ceramictiles.com<\/a> ili nas pozovite na: For exact offer, PLS send us quantity and product you need with delivery address..<\/p>\n<p>Technical description: <br \/>  W &#038; F 31,6&#215;75,6 ; 49,1&#215;49,1 ; 24,5&#215;49,1 ; 24,5&#215;24,5 <br \/>Absolut Ivory ; Absolut Gold ; Absolut Gold Ornato ; Absolut Ivory Gres ; Absolut Gold Gres ;<\/p>\n","protected":false},"excerpt":{"rendered":"<p>Plo\u010dica na sliki je 31,6&#215;75,6 cm. Plo\u010dica je debela 9 mm, \u0161to je ubraja u tvrde plo\u010dice. Ceramicas Aparici Absolut Ivory je proizvod iz \u0160panije te je izuzetno kvalitetna. Keramika je prekrasne be\u017e boje. U koliko \u017eelite neku drugu boju, pozovite nas i mi \u0107emo proveriti kod proizvo\u0111a\u010da. Kliknite na ime serije za sve plo\u010dice [&hellip;]<\/p>\n","protected":false},"featured_media":88165,"template":"","meta":[],"product_cat":[999773,200,220,240,999,250],"product_tag":[],"_links":{"self":[{"href":"https:\/\/www.keramika.com\/srbija\/wp-json\/wp\/v2\/product\/88164"}],"collection":[{"href":"https:\/\/www.keramika.com\/srbija\/wp-json\/wp\/v2\/product"}],"about":[{"href":"https:\/\/www.keramika.com\/srbija\/wp-json\/wp\/v2\/types\/product"}],"wp:featuredmedia":[{"embeddable":true,"href":"https:\/\/www.keramika.com\/srbija\/wp-json\/wp\/v2\/media\/88165"}],"wp:attachment":[{"href":"https:\/\/www.keramika.com\/srbija\/wp-json\/wp\/v2\/media?parent=88164"}],"wp:term":[{"taxonomy":"product_cat","embeddable":true,"href":"https:\/\/www.keramika.com\/srbija\/wp-json\/wp\/v2\/product_cat?post=88164"},{"taxonomy":"product_tag","embeddable":true,"href":"https:\/\/www.keramika.com\/srbija\/wp-json\/wp\/v2\/product_tag?post=88164"}],"curies":[{"name":"wp","href":"https:\/\/api.w.org\/{rel}","templated":true}]}}