{"id":88162,"date":"2017-07-01T15:10:43","date_gmt":"2017-07-01T15:10:43","guid":{"rendered":"http:\/\/www.ceramictiles.com\/srbija\/product\/vega-vision\/"},"modified":"2025-12-31T00:01:46","modified_gmt":"2025-12-31T00:01:46","slug":"vega-vision","status":"publish","type":"product","link":"https:\/\/www.keramika.com\/srbija\/vega-vision\/","title":{"rendered":"Vega vision"},"content":{"rendered":"<p>Online cena je samo 335,8 RSD, dok redovna, maloprodajna cena 420,9 RSD. Plo\u010dice braon boje, su letos izuzetno tre\u017eene. Ova plo\u010dica je debela 11 mm i zato je izuzetno izdr\u017eljiva. Plo\u010dice dolaze iz \u0160panije, koja je poznata po kvalitetnoj keramiki. Veli\u010dina 33&#215;33 cm je odli\u010dna za sve podloge.<\/p>\n<p>Technical description: <a class=\"pdfcatal\" onclick=\"recordOutboundLink(this, 'E-mail', 'Description PDF');return false;\" href=\"\/\/www.ceramictiles.com\/pdf\/exagres\/catalogue_exagres_vega.pdf\"> Catalogue Exagres Vega <\/a><br \/><a class=\"pdfcatal\" onclick=\"recordOutboundLink(this, 'E-mail', 'Description PDF');return false;\" href=\"\/\/www.ceramictiles.com\/pdf\/exagres\/clinker_special_pieces.pdf\">Clinker special pieces<\/a><br \/><a class=\"pdfcatal\" onclick=\"recordOutboundLink(this, 'E-mail', 'Description PDF');return false;\" href=\"\/\/www.ceramictiles.com\/pdf\/exagres\/clinker_technical_characteristics .pdf\">Clinker technical characteristics<\/a><br \/><a class=\"pdfcatal\" onclick=\"recordOutboundLink(this, 'E-mail', 'Description PDF');return false;\" href=\"\/\/www.ceramictiles.com\/pdf\/exagres\/clinker_packing_list.pdf \">Clinker packing list<\/a><br \/><a class=\"pdfcatal\" href=\"\/\/www.ceramictiles.com\/pdf\/e-ceramica\/clinker_catalogue.pdf\"> Klinker catalogue <\/a><\/p>\n","protected":false},"excerpt":{"rendered":"<p>Online cena je samo 335,8 RSD, dok redovna, maloprodajna cena 420,9 RSD. Plo\u010dice braon boje, su letos izuzetno tre\u017eene. Ova plo\u010dica je debela 11 mm i zato je izuzetno izdr\u017eljiva. Plo\u010dice dolaze iz \u0160panije, koja je poznata po kvalitetnoj keramiki. Veli\u010dina 33&#215;33 cm je odli\u010dna za sve podloge. Technical description: Catalogue Exagres Vega Clinker special [&hellip;]<\/p>\n","protected":false},"featured_media":88163,"template":"","meta":[],"product_cat":[99928,100,999,120],"product_tag":[],"_links":{"self":[{"href":"https:\/\/www.keramika.com\/srbija\/wp-json\/wp\/v2\/product\/88162"}],"collection":[{"href":"https:\/\/www.keramika.com\/srbija\/wp-json\/wp\/v2\/product"}],"about":[{"href":"https:\/\/www.keramika.com\/srbija\/wp-json\/wp\/v2\/types\/product"}],"wp:featuredmedia":[{"embeddable":true,"href":"https:\/\/www.keramika.com\/srbija\/wp-json\/wp\/v2\/media\/88163"}],"wp:attachment":[{"href":"https:\/\/www.keramika.com\/srbija\/wp-json\/wp\/v2\/media?parent=88162"}],"wp:term":[{"taxonomy":"product_cat","embeddable":true,"href":"https:\/\/www.keramika.com\/srbija\/wp-json\/wp\/v2\/product_cat?post=88162"},{"taxonomy":"product_tag","embeddable":true,"href":"https:\/\/www.keramika.com\/srbija\/wp-json\/wp\/v2\/product_tag?post=88162"}],"curies":[{"name":"wp","href":"https:\/\/api.w.org\/{rel}","templated":true}]}}