{"id":88160,"date":"2017-07-01T15:10:27","date_gmt":"2017-07-01T15:10:27","guid":{"rendered":"http:\/\/www.ceramictiles.com\/srbija\/product\/vega-gris\/"},"modified":"2025-12-31T00:01:46","modified_gmt":"2025-12-31T00:01:46","slug":"vega-gris","status":"publish","type":"product","link":"https:\/\/www.keramika.com\/srbija\/vega-gris\/","title":{"rendered":"Vega gris"},"content":{"rendered":"<p>Vega gris dolazi iz \u0160panije, koja je poznata po vrlo visokoj kvaliteta keramike u svetu. 420,9 RSD je redovna prodajna cena keramike, tu pa samo 335,8 RSD. Plo\u010dice sive boje osvje\u017eit \u0107e svaki prostor. Plo\u010dica na sliki je 33&#215;33 cm. 11 mm debljine je dovoljno za zahtevnije kupce.<\/p>\n<p>Technical description: <a class=\"pdfcatal\" onclick=\"recordOutboundLink(this, 'E-mail', 'Description PDF');return false;\" href=\"\/\/www.ceramictiles.com\/pdf\/exagres\/catalogue_exagres_vega.pdf\"> Catalogue Exagres Vega <\/a><br \/><a class=\"pdfcatal\" onclick=\"recordOutboundLink(this, 'E-mail', 'Description PDF');return false;\" href=\"\/\/www.ceramictiles.com\/pdf\/exagres\/clinker_special_pieces.pdf\">Clinker special pieces<\/a><br \/><a class=\"pdfcatal\" onclick=\"recordOutboundLink(this, 'E-mail', 'Description PDF');return false;\" href=\"\/\/www.ceramictiles.com\/pdf\/exagres\/clinker_technical_characteristics .pdf\">Clinker technical characteristics<\/a><br \/><a class=\"pdfcatal\" onclick=\"recordOutboundLink(this, 'E-mail', 'Description PDF');return false;\" href=\"\/\/www.ceramictiles.com\/pdf\/exagres\/clinker_packing_list.pdf \">Clinker packing list<\/a><br \/><a class=\"pdfcatal\" href=\"\/\/www.ceramictiles.com\/pdf\/e-ceramica\/clinker_catalogue.pdf\"> Klinker catalogue <\/a><\/p>\n","protected":false},"excerpt":{"rendered":"<p>Vega gris dolazi iz \u0160panije, koja je poznata po vrlo visokoj kvaliteta keramike u svetu. 420,9 RSD je redovna prodajna cena keramike, tu pa samo 335,8 RSD. Plo\u010dice sive boje osvje\u017eit \u0107e svaki prostor. Plo\u010dica na sliki je 33&#215;33 cm. 11 mm debljine je dovoljno za zahtevnije kupce. Technical description: Catalogue Exagres Vega Clinker special [&hellip;]<\/p>\n","protected":false},"featured_media":88161,"template":"","meta":[],"product_cat":[99928,100,999,120],"product_tag":[],"_links":{"self":[{"href":"https:\/\/www.keramika.com\/srbija\/wp-json\/wp\/v2\/product\/88160"}],"collection":[{"href":"https:\/\/www.keramika.com\/srbija\/wp-json\/wp\/v2\/product"}],"about":[{"href":"https:\/\/www.keramika.com\/srbija\/wp-json\/wp\/v2\/types\/product"}],"wp:featuredmedia":[{"embeddable":true,"href":"https:\/\/www.keramika.com\/srbija\/wp-json\/wp\/v2\/media\/88161"}],"wp:attachment":[{"href":"https:\/\/www.keramika.com\/srbija\/wp-json\/wp\/v2\/media?parent=88160"}],"wp:term":[{"taxonomy":"product_cat","embeddable":true,"href":"https:\/\/www.keramika.com\/srbija\/wp-json\/wp\/v2\/product_cat?post=88160"},{"taxonomy":"product_tag","embeddable":true,"href":"https:\/\/www.keramika.com\/srbija\/wp-json\/wp\/v2\/product_tag?post=88160"}],"curies":[{"name":"wp","href":"https:\/\/api.w.org\/{rel}","templated":true}]}}