{"id":88154,"date":"2017-07-01T15:09:37","date_gmt":"2017-07-01T15:09:37","guid":{"rendered":"http:\/\/www.ceramictiles.com\/srbija\/product\/taiga-cerezo\/"},"modified":"2025-12-31T00:01:46","modified_gmt":"2025-12-31T00:01:46","slug":"taiga-cerezo","status":"publish","type":"product","link":"https:\/\/www.keramika.com\/srbija\/taiga-cerezo\/","title":{"rendered":"Taiga cerezo"},"content":{"rendered":"<p>Dimenzije ovih plo\u010dica su 33&#215;33 cm. Debljina plo\u010dice, je vrlo va\u017ena 11 mm i ubraja tu plo\u010dicu me\u0111u najkvalitetnije. Taiga cerezo dolazi iz \u0160panije, koja je poznata po vrlo visokoj kvaliteta keramike u svetu. U izboru plo\u010dica braon boje, ne mo\u017eete pogre\u0161iti. Online cena je samo 828 RSD, dok redovna, maloprodajna cena 1035 RSD.<\/p>\n<p>Technical description: <a class=\"pdfcatal\" onclick=\"recordOutboundLink(this, 'E-mail', 'Description PDF');return false;\" href=\"\/\/www.ceramictiles.com\/pdf\/exagres\/catalogue_exagres_taiga.pdf\"> Catalogue Exagres Taiga <\/a><br \/><a class=\"pdfcatal\" onclick=\"recordOutboundLink(this, 'E-mail', 'Description PDF');return false;\" href=\"\/\/www.ceramictiles.com\/pdf\/exagres\/clinker_special_pieces.pdf\">Clinker special pieces<\/a><br \/><a class=\"pdfcatal\" onclick=\"recordOutboundLink(this, 'E-mail', 'Description PDF');return false;\" href=\"\/\/www.ceramictiles.com\/pdf\/exagres\/clinker_technical_characteristics .pdf\">Clinker technical characteristics<\/a><br \/><a class=\"pdfcatal\" onclick=\"recordOutboundLink(this, 'E-mail', 'Description PDF');return false;\" href=\"\/\/www.ceramictiles.com\/pdf\/exagres\/clinker_packing_list.pdf \">Clinker packing list<\/a><br \/><a class=\"pdfcatal\" href=\"\/\/www.ceramictiles.com\/pdf\/e-ceramica\/clinker_catalogue.pdf\"> Klinker catalogue <\/a><\/p>\n","protected":false},"excerpt":{"rendered":"<p>Dimenzije ovih plo\u010dica su 33&#215;33 cm. Debljina plo\u010dice, je vrlo va\u017ena 11 mm i ubraja tu plo\u010dicu me\u0111u najkvalitetnije. Taiga cerezo dolazi iz \u0160panije, koja je poznata po vrlo visokoj kvaliteta keramike u svetu. U izboru plo\u010dica braon boje, ne mo\u017eete pogre\u0161iti. Online cena je samo 828 RSD, dok redovna, maloprodajna cena 1035 RSD. Technical [&hellip;]<\/p>\n","protected":false},"featured_media":88155,"template":"","meta":[],"product_cat":[99928,100,999,120],"product_tag":[],"_links":{"self":[{"href":"https:\/\/www.keramika.com\/srbija\/wp-json\/wp\/v2\/product\/88154"}],"collection":[{"href":"https:\/\/www.keramika.com\/srbija\/wp-json\/wp\/v2\/product"}],"about":[{"href":"https:\/\/www.keramika.com\/srbija\/wp-json\/wp\/v2\/types\/product"}],"wp:featuredmedia":[{"embeddable":true,"href":"https:\/\/www.keramika.com\/srbija\/wp-json\/wp\/v2\/media\/88155"}],"wp:attachment":[{"href":"https:\/\/www.keramika.com\/srbija\/wp-json\/wp\/v2\/media?parent=88154"}],"wp:term":[{"taxonomy":"product_cat","embeddable":true,"href":"https:\/\/www.keramika.com\/srbija\/wp-json\/wp\/v2\/product_cat?post=88154"},{"taxonomy":"product_tag","embeddable":true,"href":"https:\/\/www.keramika.com\/srbija\/wp-json\/wp\/v2\/product_tag?post=88154"}],"curies":[{"name":"wp","href":"https:\/\/api.w.org\/{rel}","templated":true}]}}