{"id":88148,"date":"2017-07-01T15:08:40","date_gmt":"2017-07-01T15:08:40","guid":{"rendered":"http:\/\/www.ceramictiles.com\/srbija\/product\/mediterraneo-lavanda\/"},"modified":"2025-12-31T00:01:45","modified_gmt":"2025-12-31T00:01:45","slug":"mediterraneo-lavanda","status":"publish","type":"product","link":"https:\/\/www.keramika.com\/srbija\/mediterraneo-lavanda\/","title":{"rendered":"Mediterraneo lavanda"},"content":{"rendered":"<p>Ove braon kerami\u010dke plo\u010dice, obogatit \u0107e svaki prostor. plo\u010dica proizvo\u0111a\u010da Exagres iz \u0160panije. Zbog ni\u017eih tro\u0161kova, online prodaje, Vi \u0107e te na na\u0161oj strani ove plo\u010de platiti samo 787,75 RSD. Plo\u010dica na sliki je 33&#215;66,5 cm. Debljina 11 mm \u010dini plo\u010dicu vrlo izdr\u017eljivom i prijatnom na dodir.<\/p>\n<p>Technical description: <a class=\"pdfcatal\" onclick=\"recordOutboundLink(this, 'E-mail', 'Description PDF');return false;\" href=\"\/\/www.ceramictiles.com\/pdf\/exagres\/catalogue_exagres_mediterraneo.pdf\"> Catalogue Exagres Mediterraneo <\/a><br \/><a class=\"pdfcatal\" onclick=\"recordOutboundLink(this, 'E-mail', 'Description PDF');return false;\" href=\"\/\/www.ceramictiles.com\/pdf\/exagres\/clinker_special_pieces.pdf\">Clinker special pieces<\/a><br \/><a class=\"pdfcatal\" onclick=\"recordOutboundLink(this, 'E-mail', 'Description PDF');return false;\" href=\"\/\/www.ceramictiles.com\/pdf\/exagres\/clinker_technical_characteristics .pdf\">Clinker technical characteristics<\/a><br \/><a class=\"pdfcatal\" onclick=\"recordOutboundLink(this, 'E-mail', 'Description PDF');return false;\" href=\"\/\/www.ceramictiles.com\/pdf\/exagres\/clinker_packing_list.pdf \">Clinker packing list<\/a><br \/><a class=\"pdfcatal\" href=\"\/\/www.ceramictiles.com\/pdf\/e-ceramica\/clinker_catalogue.pdf\"> Klinker catalogue <\/a><\/p>\n","protected":false},"excerpt":{"rendered":"<p>Ove braon kerami\u010dke plo\u010dice, obogatit \u0107e svaki prostor. plo\u010dica proizvo\u0111a\u010da Exagres iz \u0160panije. Zbog ni\u017eih tro\u0161kova, online prodaje, Vi \u0107e te na na\u0161oj strani ove plo\u010de platiti samo 787,75 RSD. Plo\u010dica na sliki je 33&#215;66,5 cm. Debljina 11 mm \u010dini plo\u010dicu vrlo izdr\u017eljivom i prijatnom na dodir. Technical description: Catalogue Exagres Mediterraneo Clinker special piecesClinker [&hellip;]<\/p>\n","protected":false},"featured_media":88149,"template":"","meta":[],"product_cat":[99928,100,999,120],"product_tag":[],"_links":{"self":[{"href":"https:\/\/www.keramika.com\/srbija\/wp-json\/wp\/v2\/product\/88148"}],"collection":[{"href":"https:\/\/www.keramika.com\/srbija\/wp-json\/wp\/v2\/product"}],"about":[{"href":"https:\/\/www.keramika.com\/srbija\/wp-json\/wp\/v2\/types\/product"}],"wp:featuredmedia":[{"embeddable":true,"href":"https:\/\/www.keramika.com\/srbija\/wp-json\/wp\/v2\/media\/88149"}],"wp:attachment":[{"href":"https:\/\/www.keramika.com\/srbija\/wp-json\/wp\/v2\/media?parent=88148"}],"wp:term":[{"taxonomy":"product_cat","embeddable":true,"href":"https:\/\/www.keramika.com\/srbija\/wp-json\/wp\/v2\/product_cat?post=88148"},{"taxonomy":"product_tag","embeddable":true,"href":"https:\/\/www.keramika.com\/srbija\/wp-json\/wp\/v2\/product_tag?post=88148"}],"curies":[{"name":"wp","href":"https:\/\/api.w.org\/{rel}","templated":true}]}}