{"id":88140,"date":"2017-07-01T15:07:17","date_gmt":"2017-07-01T15:07:17","guid":{"rendered":"http:\/\/www.ceramictiles.com\/srbija\/product\/art-cenefa\/"},"modified":"2025-12-31T00:01:44","modified_gmt":"2025-12-31T00:01:44","slug":"art-cenefa","status":"publish","type":"product","link":"https:\/\/www.keramika.com\/srbija\/art-cenefa\/","title":{"rendered":"Art cenefa"},"content":{"rendered":"<p>Plo\u010dica 8&#215;33 cm je dobra za ve\u0107 razli\u010ditih namena. Umesto 2367,85 RSD \u0161to je redovna maloprodajna cena keramike, u na\u0161oj online prodavnici, je mo\u017eete dobiti za samo 1895,2 RSD. Ove plo\u010dice dolaze od proizvo\u0111a\u010da Exagres, iz \u0160panije. 9 mm debljina \u0107e zadovoljiti i najzahtevnije kupce. Izuzetno moderne plo\u010dice bele boje, osve\u017eit \u0107e svaki prostor.<\/p>\n<p>Technical description: <a class=\"pdfcatal\" onclick=\"recordOutboundLink(this, 'E-mail', 'Description PDF');return false;\" href=\"\/\/www.ceramictiles.com\/pdf\/exagres\/catalogue_exagres_art.pdf\"> Catalogue Exagres Art <\/a><br \/><a class=\"pdfcatal\" onclick=\"recordOutboundLink(this, 'E-mail', 'Description PDF');return false;\" href=\"\/\/www.ceramictiles.com\/pdf\/exagres\/clinker_special_pieces.pdf\">Clinker special pieces<\/a><br \/><a class=\"pdfcatal\" onclick=\"recordOutboundLink(this, 'E-mail', 'Description PDF');return false;\" href=\"\/\/www.ceramictiles.com\/pdf\/exagres\/clinker_technical_characteristics .pdf\">Clinker technical characteristics<\/a><br \/><a class=\"pdfcatal\" onclick=\"recordOutboundLink(this, 'E-mail', 'Description PDF');return false;\" href=\"\/\/www.ceramictiles.com\/pdf\/exagres\/clinker_packing_list.pdf \">Clinker packing list<\/a><br \/><a class=\"pdfcatal\" href=\"\/\/www.ceramictiles.com\/pdf\/e-ceramica\/clinker_catalogue.pdf\"> Klinker catalogue <\/a><\/p>\n","protected":false},"excerpt":{"rendered":"<p>Plo\u010dica 8&#215;33 cm je dobra za ve\u0107 razli\u010ditih namena. Umesto 2367,85 RSD \u0161to je redovna maloprodajna cena keramike, u na\u0161oj online prodavnici, je mo\u017eete dobiti za samo 1895,2 RSD. Ove plo\u010dice dolaze od proizvo\u0111a\u010da Exagres, iz \u0160panije. 9 mm debljina \u0107e zadovoljiti i najzahtevnije kupce. Izuzetno moderne plo\u010dice bele boje, osve\u017eit \u0107e svaki prostor. Technical [&hellip;]<\/p>\n","protected":false},"featured_media":88141,"template":"","meta":[],"product_cat":[99928,100,999,120],"product_tag":[],"_links":{"self":[{"href":"https:\/\/www.keramika.com\/srbija\/wp-json\/wp\/v2\/product\/88140"}],"collection":[{"href":"https:\/\/www.keramika.com\/srbija\/wp-json\/wp\/v2\/product"}],"about":[{"href":"https:\/\/www.keramika.com\/srbija\/wp-json\/wp\/v2\/types\/product"}],"wp:featuredmedia":[{"embeddable":true,"href":"https:\/\/www.keramika.com\/srbija\/wp-json\/wp\/v2\/media\/88141"}],"wp:attachment":[{"href":"https:\/\/www.keramika.com\/srbija\/wp-json\/wp\/v2\/media?parent=88140"}],"wp:term":[{"taxonomy":"product_cat","embeddable":true,"href":"https:\/\/www.keramika.com\/srbija\/wp-json\/wp\/v2\/product_cat?post=88140"},{"taxonomy":"product_tag","embeddable":true,"href":"https:\/\/www.keramika.com\/srbija\/wp-json\/wp\/v2\/product_tag?post=88140"}],"curies":[{"name":"wp","href":"https:\/\/api.w.org\/{rel}","templated":true}]}}