{"id":88084,"date":"2017-08-04T14:59:52","date_gmt":"2017-08-04T14:59:52","guid":{"rendered":"http:\/\/www.ceramictiles.com\/srbija\/product\/stainless-steel-turkish-wc-13021\/"},"modified":"2025-12-31T00:01:35","modified_gmt":"2025-12-31T00:01:35","slug":"turski-wc-cucavac","status":"publish","type":"product","link":"https:\/\/www.keramika.com\/srbija\/turski-wc-cucavac\/","title":{"rendered":"Turski WC \u010du\u010davac"},"content":{"rendered":"<p>ID 13029 Inox wc \u0161olja<br \/><a class=\"pdfcatal\" href=\"\/\/www.ceramictiles.com\/pdf\/e-ceramica\/inox_sanitary_ware.pdf\">Inox sanitarna oprema katalog &#8211; cenik<\/a><br \/>\nTEHNI\u010cKI PODACI<br \/>\n\u00b7 Izra\u0111en AISI 304 ner\u0111ajuc\u0301eg \u010delika debljine 1 mm, polirana.<br \/>\n\u00b7 Dimenzije: 595 visina x 625 \u0161irina x 208 dubljina (mm).<br \/>\n\u00b7 Ulaz za vodu 1 &#8222;G.<br \/>\n\u00b7 Izlaz \u00d8 100 mm.<br \/>\nDizajniran za ru\u010dne ili elektri\u010dne sisteme za ispiranje.<\/p>\n","protected":false},"excerpt":{"rendered":"<p>Antivandal \u0161olja, od inox \u010delike debljine 1 mm.<\/p>\n","protected":false},"featured_media":88085,"template":"","meta":[],"product_cat":[99,500,99921413,999,510,511,512],"product_tag":[],"_links":{"self":[{"href":"https:\/\/www.keramika.com\/srbija\/wp-json\/wp\/v2\/product\/88084"}],"collection":[{"href":"https:\/\/www.keramika.com\/srbija\/wp-json\/wp\/v2\/product"}],"about":[{"href":"https:\/\/www.keramika.com\/srbija\/wp-json\/wp\/v2\/types\/product"}],"wp:featuredmedia":[{"embeddable":true,"href":"https:\/\/www.keramika.com\/srbija\/wp-json\/wp\/v2\/media\/88085"}],"wp:attachment":[{"href":"https:\/\/www.keramika.com\/srbija\/wp-json\/wp\/v2\/media?parent=88084"}],"wp:term":[{"taxonomy":"product_cat","embeddable":true,"href":"https:\/\/www.keramika.com\/srbija\/wp-json\/wp\/v2\/product_cat?post=88084"},{"taxonomy":"product_tag","embeddable":true,"href":"https:\/\/www.keramika.com\/srbija\/wp-json\/wp\/v2\/product_tag?post=88084"}],"curies":[{"name":"wp","href":"https:\/\/api.w.org\/{rel}","templated":true}]}}