{"id":87714,"date":"2017-08-25T14:13:18","date_gmt":"2017-08-25T14:13:18","guid":{"rendered":"http:\/\/www.ceramictiles.com\/srbija\/product\/inox-shower-trays-700x700-13054-p\/"},"modified":"2025-12-31T00:00:43","modified_gmt":"2025-12-31T00:00:43","slug":"inox-tusa-kada-70x70","status":"publish","type":"product","link":"https:\/\/www.keramika.com\/srbija\/inox-tusa-kada-70x70\/","title":{"rendered":"Inox tu\u0161a kada 70&#215;70"},"content":{"rendered":"<p>ID 13054.2<br \/><a class=\"pdfcatal\" href=\"\/\/www.ceramictiles.com\/pdf\/e-ceramica\/inox_sanitary_ware.pdf\">Inox sanitarna oprema katalog &#8211; cenik<\/a><br \/>\nTEHNI\u010cKI PODACI<br \/>\n\u00b7 Izra\u0111en od poliranja zavr\u0161en AISI 304 ner\u0111ajuc\u0301i \u010delik debljine 1 mm.<br \/>\n\u00b7 Dimenzije: 50 k 700 k 700 mm.<br \/>\n\u00b7 Centralni izlaz (ventil nije uklju\u010den).<br \/>\n\u00b7 Izlaz \u00d8 50 mm.<\/p>\n","protected":false},"excerpt":{"rendered":"<p>Antivandal inox tu\u0161 kadica debljine \u010delika 1 mm.<\/p>\n","protected":false},"featured_media":87715,"template":"","meta":[],"product_cat":[99,500,99921413,999,510,530,511,512],"product_tag":[],"_links":{"self":[{"href":"https:\/\/www.keramika.com\/srbija\/wp-json\/wp\/v2\/product\/87714"}],"collection":[{"href":"https:\/\/www.keramika.com\/srbija\/wp-json\/wp\/v2\/product"}],"about":[{"href":"https:\/\/www.keramika.com\/srbija\/wp-json\/wp\/v2\/types\/product"}],"wp:featuredmedia":[{"embeddable":true,"href":"https:\/\/www.keramika.com\/srbija\/wp-json\/wp\/v2\/media\/87715"}],"wp:attachment":[{"href":"https:\/\/www.keramika.com\/srbija\/wp-json\/wp\/v2\/media?parent=87714"}],"wp:term":[{"taxonomy":"product_cat","embeddable":true,"href":"https:\/\/www.keramika.com\/srbija\/wp-json\/wp\/v2\/product_cat?post=87714"},{"taxonomy":"product_tag","embeddable":true,"href":"https:\/\/www.keramika.com\/srbija\/wp-json\/wp\/v2\/product_tag?post=87714"}],"curies":[{"name":"wp","href":"https:\/\/api.w.org\/{rel}","templated":true}]}}