{"id":87440,"date":"2017-07-01T13:37:17","date_gmt":"2017-07-01T13:37:17","guid":{"rendered":"http:\/\/www.ceramictiles.com\/srbija\/product\/podne-plocice-tau-hebra-beige\/"},"modified":"2025-12-31T00:00:17","modified_gmt":"2025-12-31T00:00:17","slug":"podne-plocice-tau-hebra-beige","status":"publish","type":"product","link":"https:\/\/www.keramika.com\/srbija\/podne-plocice-tau-hebra-beige\/","title":{"rendered":"Podne plo\u010dice Tau Hebra Beige"},"content":{"rendered":"<p>Veli\u010dina plo\u010dice je 31,6&#215;31,6 cm i odli\u010dna je za razli\u010dite povr\u0161ine. Tau Hebra Beige dolazi iz \u0160panije, koja je poznata po vrlo visokoj kvaliteta keramike u svetu. U maloprodaji bi morali za tu plo\u010dicu platiti 4754,1 RSD, online cena je samo 3804,2 RSD. Ove be\u017e kerami\u010dke plo\u010dice, obogatit \u0107e svaki prostor. Ova plo\u010dica je debela 9 mm i zato je izuzetno izdr\u017eljiva.<\/p>\n<p>Kliknite na ime serije za sve plo\u010dice u toj seriji: <a class=\"pdfcatal\" href=\"\/\/www.ceramictiles.com\/pdf\/tau\/hebra_beige.pdf\" onclick=\"recordOutboundLink(this, 'E-mail', 'Description PDF');return false;\">Tau Ceramica Hebra<\/a><\/p>\n<p>Da bi naru\u010dili model iz PDF kataloga ove serije, molimo vas, da nas kontaktirate na: <a href=\"mailto:zo_mi@ceramictiles.com\" onclick=\"recordOutboundLink(this, 'E-mail', 'Description mail');return false;\">zo_mi@ceramictiles.com<\/a> ili nas pozovite na: For exact offer, PLS send us quantity and product you need with delivery address..<\/p>\n<p>Technical description: <br \/> F 31,6&#215;31,6 <br \/>Hebra Blanco ; Hebra Marfil ; Hebra Beige ; Hebra Gris ; Hebra Negro ; Hebra Wengue ;<\/p>\n","protected":false},"excerpt":{"rendered":"<p>Veli\u010dina plo\u010dice je 31,6&#215;31,6 cm i odli\u010dna je za razli\u010dite povr\u0161ine. Tau Hebra Beige dolazi iz \u0160panije, koja je poznata po vrlo visokoj kvaliteta keramike u svetu. U maloprodaji bi morali za tu plo\u010dicu platiti 4754,1 RSD, online cena je samo 3804,2 RSD. Ove be\u017e kerami\u010dke plo\u010dice, obogatit \u0107e svaki prostor. Ova plo\u010dica je debela [&hellip;]<\/p>\n","protected":false},"featured_media":87441,"template":"","meta":[],"product_cat":[200,220,240,999,999125,250],"product_tag":[],"_links":{"self":[{"href":"https:\/\/www.keramika.com\/srbija\/wp-json\/wp\/v2\/product\/87440"}],"collection":[{"href":"https:\/\/www.keramika.com\/srbija\/wp-json\/wp\/v2\/product"}],"about":[{"href":"https:\/\/www.keramika.com\/srbija\/wp-json\/wp\/v2\/types\/product"}],"wp:featuredmedia":[{"embeddable":true,"href":"https:\/\/www.keramika.com\/srbija\/wp-json\/wp\/v2\/media\/87441"}],"wp:attachment":[{"href":"https:\/\/www.keramika.com\/srbija\/wp-json\/wp\/v2\/media?parent=87440"}],"wp:term":[{"taxonomy":"product_cat","embeddable":true,"href":"https:\/\/www.keramika.com\/srbija\/wp-json\/wp\/v2\/product_cat?post=87440"},{"taxonomy":"product_tag","embeddable":true,"href":"https:\/\/www.keramika.com\/srbija\/wp-json\/wp\/v2\/product_tag?post=87440"}],"curies":[{"name":"wp","href":"https:\/\/api.w.org\/{rel}","templated":true}]}}