{"id":87438,"date":"2017-07-01T13:37:06","date_gmt":"2017-07-01T13:37:06","guid":{"rendered":"http:\/\/www.ceramictiles.com\/srbija\/product\/podne-porcelanske-plocice-revigres-city-grafite\/"},"modified":"2017-07-01T13:37:06","modified_gmt":"2017-07-01T13:37:06","slug":"podne-porcelanske-plocice-revigres-city-grafite","status":"publish","type":"product","link":"https:\/\/www.keramika.com\/srbija\/podne-porcelanske-plocice-revigres-city-grafite\/","title":{"rendered":"Podne porcelanske plo\u010dice Revigres City Grafite"},"content":{"rendered":"<p>Plo\u010dica je debela 9 mm, \u0161to je ubraja u tvrde plo\u010dice. Revigres City Grafite je proizvod iz Portugala te je izuzetno kvalitetna. Plo\u010dice sive boje osvje\u017eit \u0107e svaki prostor. Veli\u010dina plo\u010dice je 60&#215;60 cm i odli\u010dna je za razli\u010dite povr\u0161ine.<\/p>\n<p>Kliknite na ime serije za sve plo\u010dice u toj seriji: <a class=\"pdfcatal\" href=\"\/\/www.ceramictiles.com\/pdf\/revigres\/city.pdf\" onclick=\"recordOutboundLink(this, 'E-mail', 'Description PDF');return false;\">Revigres City<\/a><\/p>\n<p>Da bi naru\u010dili model iz PDF kataloga ove serije, molimo vas, da nas kontaktirate na: <a href=\"mailto:zo_mi@ceramictiles.com\" onclick=\"recordOutboundLink(this, 'E-mail', 'Description mail');return false;\">zo_mi@ceramictiles.com<\/a> ili nas pozovite na: For exact offer, PLS send us quantity and product you need with delivery address..<\/p>\n<p>Technical description: <br \/> F 30&#215;60 ; 60&#215;60  <br \/>City Platina ; City Arg Prata ; City Grafite ; City Preto ;<\/p>\n","protected":false},"excerpt":{"rendered":"<p>Plo\u010dica je debela 9 mm, \u0161to je ubraja u tvrde plo\u010dice. Revigres City Grafite je proizvod iz Portugala te je izuzetno kvalitetna. Plo\u010dice sive boje osvje\u017eit \u0107e svaki prostor. Veli\u010dina plo\u010dice je 60&#215;60 cm i odli\u010dna je za razli\u010dite povr\u0161ine. Kliknite na ime serije za sve plo\u010dice u toj seriji: Revigres City Da bi naru\u010dili [&hellip;]<\/p>\n","protected":false},"featured_media":87439,"template":"","meta":[],"product_cat":[200,230,240,260,999,9991548],"product_tag":[],"_links":{"self":[{"href":"https:\/\/www.keramika.com\/srbija\/wp-json\/wp\/v2\/product\/87438"}],"collection":[{"href":"https:\/\/www.keramika.com\/srbija\/wp-json\/wp\/v2\/product"}],"about":[{"href":"https:\/\/www.keramika.com\/srbija\/wp-json\/wp\/v2\/types\/product"}],"wp:featuredmedia":[{"embeddable":true,"href":"https:\/\/www.keramika.com\/srbija\/wp-json\/wp\/v2\/media\/87439"}],"wp:attachment":[{"href":"https:\/\/www.keramika.com\/srbija\/wp-json\/wp\/v2\/media?parent=87438"}],"wp:term":[{"taxonomy":"product_cat","embeddable":true,"href":"https:\/\/www.keramika.com\/srbija\/wp-json\/wp\/v2\/product_cat?post=87438"},{"taxonomy":"product_tag","embeddable":true,"href":"https:\/\/www.keramika.com\/srbija\/wp-json\/wp\/v2\/product_tag?post=87438"}],"curies":[{"name":"wp","href":"https:\/\/api.w.org\/{rel}","templated":true}]}}