{"id":87434,"date":"2017-07-01T13:36:42","date_gmt":"2017-07-01T13:36:42","guid":{"rendered":"http:\/\/www.ceramictiles.com\/srbija\/product\/zidne-plocice-revigres-comfort-castanho\/"},"modified":"2017-07-01T13:36:42","modified_gmt":"2017-07-01T13:36:42","slug":"zidne-plocice-revigres-comfort-castanho","status":"publish","type":"product","link":"https:\/\/www.keramika.com\/srbija\/zidne-plocice-revigres-comfort-castanho\/","title":{"rendered":"Zidne plo\u010dice Revigres Comfort Castanho"},"content":{"rendered":"<p>\u0160irina i du\u017eina plo\u010dice su 20&#215;40 cm. Revigres Comfort Castanho dolazi iz Portugala, koja je poznata po vrlo visokoj kvaliteta keramike u svetu. Ove braon kerami\u010dke plo\u010dice, obogatit \u0107e svaki prostor. 9 mm debljina \u0107e zadovoljiti i najzahtevnije kupce.<\/p>\n<p>Kliknite na ime serije za sve plo\u010dice u toj seriji: <a class=\"pdfcatal\" href=\"\/\/www.ceramictiles.com\/pdf\/revigres\/comfort.pdf\" onclick=\"recordOutboundLink(this, 'E-mail', 'Description PDF');return false;\">Revigres Comfort<\/a><\/p>\n<p>Da bi naru\u010dili model iz PDF kataloga ove serije, molimo vas, da nas kontaktirate na: <a href=\"mailto:zo_mi@ceramictiles.com\" onclick=\"recordOutboundLink(this, 'E-mail', 'Description mail');return false;\">zo_mi@ceramictiles.com<\/a> ili nas pozovite na: For exact offer, PLS send us quantity and product you need with delivery address..<\/p>\n<p>Technical description: <br \/> W 20&#215;40  <br \/>Comfort Castanho ; Comfort Marfim ;<\/p>\n","protected":false},"excerpt":{"rendered":"<p>\u0160irina i du\u017eina plo\u010dice su 20&#215;40 cm. Revigres Comfort Castanho dolazi iz Portugala, koja je poznata po vrlo visokoj kvaliteta keramike u svetu. Ove braon kerami\u010dke plo\u010dice, obogatit \u0107e svaki prostor. 9 mm debljina \u0107e zadovoljiti i najzahtevnije kupce. Kliknite na ime serije za sve plo\u010dice u toj seriji: Revigres Comfort Da bi naru\u010dili model [&hellip;]<\/p>\n","protected":false},"featured_media":87435,"template":"","meta":[],"product_cat":[200,240,260,999,9991548,250],"product_tag":[],"_links":{"self":[{"href":"https:\/\/www.keramika.com\/srbija\/wp-json\/wp\/v2\/product\/87434"}],"collection":[{"href":"https:\/\/www.keramika.com\/srbija\/wp-json\/wp\/v2\/product"}],"about":[{"href":"https:\/\/www.keramika.com\/srbija\/wp-json\/wp\/v2\/types\/product"}],"wp:featuredmedia":[{"embeddable":true,"href":"https:\/\/www.keramika.com\/srbija\/wp-json\/wp\/v2\/media\/87435"}],"wp:attachment":[{"href":"https:\/\/www.keramika.com\/srbija\/wp-json\/wp\/v2\/media?parent=87434"}],"wp:term":[{"taxonomy":"product_cat","embeddable":true,"href":"https:\/\/www.keramika.com\/srbija\/wp-json\/wp\/v2\/product_cat?post=87434"},{"taxonomy":"product_tag","embeddable":true,"href":"https:\/\/www.keramika.com\/srbija\/wp-json\/wp\/v2\/product_tag?post=87434"}],"curies":[{"name":"wp","href":"https:\/\/api.w.org\/{rel}","templated":true}]}}