{"id":87426,"date":"2017-07-01T13:35:56","date_gmt":"2017-07-01T13:35:56","guid":{"rendered":"http:\/\/www.ceramictiles.com\/srbija\/product\/portland-gris-2\/"},"modified":"2025-12-31T00:00:17","modified_gmt":"2025-12-31T00:00:17","slug":"portland-gris-2","status":"publish","type":"product","link":"https:\/\/www.keramika.com\/srbija\/portland-gris-2\/","title":{"rendered":"Portland Gris"},"content":{"rendered":"<p>U izboru plo\u010dica sive boje, ne mo\u017eete pogre\u0161iti. 2375,9 RSD je redovna prodajna cena keramike, tu pa samo 1900,95 RSD. plo\u010dica proizvo\u0111a\u010da Halcon Ceramicas iz \u0160panije. Dimenzije ovih plo\u010dica su 20&#215;50 cm. 9 mm debljine je dovoljno za zahtevnije kupce.<\/p>\n","protected":false},"excerpt":{"rendered":"<p>U izboru plo\u010dica sive boje, ne mo\u017eete pogre\u0161iti. 2375,9 RSD je redovna prodajna cena keramike, tu pa samo 1900,95 RSD. plo\u010dica proizvo\u0111a\u010da Halcon Ceramicas iz \u0160panije. Dimenzije ovih plo\u010dica su 20&#215;50 cm. 9 mm debljine je dovoljno za zahtevnije kupce.<\/p>\n","protected":false},"featured_media":87427,"template":"","meta":[],"product_cat":[210,99946,200,220,999,250],"product_tag":[],"_links":{"self":[{"href":"https:\/\/www.keramika.com\/srbija\/wp-json\/wp\/v2\/product\/87426"}],"collection":[{"href":"https:\/\/www.keramika.com\/srbija\/wp-json\/wp\/v2\/product"}],"about":[{"href":"https:\/\/www.keramika.com\/srbija\/wp-json\/wp\/v2\/types\/product"}],"wp:featuredmedia":[{"embeddable":true,"href":"https:\/\/www.keramika.com\/srbija\/wp-json\/wp\/v2\/media\/87427"}],"wp:attachment":[{"href":"https:\/\/www.keramika.com\/srbija\/wp-json\/wp\/v2\/media?parent=87426"}],"wp:term":[{"taxonomy":"product_cat","embeddable":true,"href":"https:\/\/www.keramika.com\/srbija\/wp-json\/wp\/v2\/product_cat?post=87426"},{"taxonomy":"product_tag","embeddable":true,"href":"https:\/\/www.keramika.com\/srbija\/wp-json\/wp\/v2\/product_tag?post=87426"}],"curies":[{"name":"wp","href":"https:\/\/api.w.org\/{rel}","templated":true}]}}