{"id":87424,"date":"2017-07-01T13:35:46","date_gmt":"2017-07-01T13:35:46","guid":{"rendered":"http:\/\/www.ceramictiles.com\/srbija\/product\/portland-ceniza-2\/"},"modified":"2025-12-31T00:00:16","modified_gmt":"2025-12-31T00:00:16","slug":"portland-ceniza-2","status":"publish","type":"product","link":"https:\/\/www.keramika.com\/srbija\/portland-ceniza-2\/","title":{"rendered":"Portland Ceniza"},"content":{"rendered":"<p>Plo\u010dica 20&#215;50 cm je dobra za ve\u0107 razli\u010ditih namena. Plo\u010dice sive boje, su letos izuzetno tre\u017eene. Ova plo\u010dica je debela 9 mm i zato je izuzetno izdr\u017eljiva. Ove plo\u010dice dolaze od proizvo\u0111a\u010da Halcon Ceramicas, iz \u0160panije. Umesto 2375,9 RSD \u0161to je redovna maloprodajna cena keramike, u na\u0161oj online prodavnici, je mo\u017eete dobiti za samo 1900,95 RSD.<\/p>\n","protected":false},"excerpt":{"rendered":"<p>Plo\u010dica 20&#215;50 cm je dobra za ve\u0107 razli\u010ditih namena. Plo\u010dice sive boje, su letos izuzetno tre\u017eene. Ova plo\u010dica je debela 9 mm i zato je izuzetno izdr\u017eljiva. Ove plo\u010dice dolaze od proizvo\u0111a\u010da Halcon Ceramicas, iz \u0160panije. Umesto 2375,9 RSD \u0161to je redovna maloprodajna cena keramike, u na\u0161oj online prodavnici, je mo\u017eete dobiti za samo 1900,95 [&hellip;]<\/p>\n","protected":false},"featured_media":87425,"template":"","meta":[],"product_cat":[210,99946,200,220,999,250],"product_tag":[],"_links":{"self":[{"href":"https:\/\/www.keramika.com\/srbija\/wp-json\/wp\/v2\/product\/87424"}],"collection":[{"href":"https:\/\/www.keramika.com\/srbija\/wp-json\/wp\/v2\/product"}],"about":[{"href":"https:\/\/www.keramika.com\/srbija\/wp-json\/wp\/v2\/types\/product"}],"wp:featuredmedia":[{"embeddable":true,"href":"https:\/\/www.keramika.com\/srbija\/wp-json\/wp\/v2\/media\/87425"}],"wp:attachment":[{"href":"https:\/\/www.keramika.com\/srbija\/wp-json\/wp\/v2\/media?parent=87424"}],"wp:term":[{"taxonomy":"product_cat","embeddable":true,"href":"https:\/\/www.keramika.com\/srbija\/wp-json\/wp\/v2\/product_cat?post=87424"},{"taxonomy":"product_tag","embeddable":true,"href":"https:\/\/www.keramika.com\/srbija\/wp-json\/wp\/v2\/product_tag?post=87424"}],"curies":[{"name":"wp","href":"https:\/\/api.w.org\/{rel}","templated":true}]}}