{"id":87422,"date":"2017-07-01T13:35:36","date_gmt":"2017-07-01T13:35:36","guid":{"rendered":"http:\/\/www.ceramictiles.com\/srbija\/product\/look-perla-2\/"},"modified":"2025-12-31T00:00:16","modified_gmt":"2025-12-31T00:00:16","slug":"look-perla-2","status":"publish","type":"product","link":"https:\/\/www.keramika.com\/srbija\/look-perla-2\/","title":{"rendered":"Look Perla"},"content":{"rendered":"<p>Keramika je prekrasne bele boje. U koliko \u017eelite neku drugu boju, pozovite nas i mi \u0107emo proveriti kod proizvo\u0111a\u010da. Veli\u010dina ove plo\u010dice je 20&#215;50 cm. plo\u010dica proizvo\u0111a\u010da Halcon Ceramicas iz \u0160panije. Plo\u010dica je debela 9 mm, \u0161to je ubraja u tvrde plo\u010dice. 2375,9 RSD je redovna prodajna cena keramike, tu pa samo 1900,95 RSD.<\/p>\n","protected":false},"excerpt":{"rendered":"<p>Keramika je prekrasne bele boje. U koliko \u017eelite neku drugu boju, pozovite nas i mi \u0107emo proveriti kod proizvo\u0111a\u010da. Veli\u010dina ove plo\u010dice je 20&#215;50 cm. plo\u010dica proizvo\u0111a\u010da Halcon Ceramicas iz \u0160panije. Plo\u010dica je debela 9 mm, \u0161to je ubraja u tvrde plo\u010dice. 2375,9 RSD je redovna prodajna cena keramike, tu pa samo 1900,95 RSD.<\/p>\n","protected":false},"featured_media":87423,"template":"","meta":[],"product_cat":[99946,200,220,999,250],"product_tag":[99950090],"_links":{"self":[{"href":"https:\/\/www.keramika.com\/srbija\/wp-json\/wp\/v2\/product\/87422"}],"collection":[{"href":"https:\/\/www.keramika.com\/srbija\/wp-json\/wp\/v2\/product"}],"about":[{"href":"https:\/\/www.keramika.com\/srbija\/wp-json\/wp\/v2\/types\/product"}],"wp:featuredmedia":[{"embeddable":true,"href":"https:\/\/www.keramika.com\/srbija\/wp-json\/wp\/v2\/media\/87423"}],"wp:attachment":[{"href":"https:\/\/www.keramika.com\/srbija\/wp-json\/wp\/v2\/media?parent=87422"}],"wp:term":[{"taxonomy":"product_cat","embeddable":true,"href":"https:\/\/www.keramika.com\/srbija\/wp-json\/wp\/v2\/product_cat?post=87422"},{"taxonomy":"product_tag","embeddable":true,"href":"https:\/\/www.keramika.com\/srbija\/wp-json\/wp\/v2\/product_tag?post=87422"}],"curies":[{"name":"wp","href":"https:\/\/api.w.org\/{rel}","templated":true}]}}