{"id":87420,"date":"2017-07-01T13:35:23","date_gmt":"2017-07-01T13:35:23","guid":{"rendered":"http:\/\/www.ceramictiles.com\/srbija\/product\/look-grafito-2\/"},"modified":"2025-12-31T00:00:16","modified_gmt":"2025-12-31T00:00:16","slug":"look-grafito-2","status":"publish","type":"product","link":"https:\/\/www.keramika.com\/srbija\/look-grafito-2\/","title":{"rendered":"Look Grafito"},"content":{"rendered":"<p>Redovna cena, ovih plo\u010dica u maloprodaji je 2375,9 RSD. U na\u0161oj online trgovini, je mo\u017eete kupiti za 1900,95 RSD. 9 mm debljina \u0107e zadovoljiti i najzahtevnije kupce. Ove plo\u010dice dolaze od proizvo\u0111a\u010da Halcon Ceramicas, iz \u0160panije. Plo\u010dice sive boje, su letos izuzetno tre\u017eene. Dimenzije ovih plo\u010dica su 20&#215;50 cm.<\/p>\n","protected":false},"excerpt":{"rendered":"<p>Redovna cena, ovih plo\u010dica u maloprodaji je 2375,9 RSD. U na\u0161oj online trgovini, je mo\u017eete kupiti za 1900,95 RSD. 9 mm debljina \u0107e zadovoljiti i najzahtevnije kupce. Ove plo\u010dice dolaze od proizvo\u0111a\u010da Halcon Ceramicas, iz \u0160panije. Plo\u010dice sive boje, su letos izuzetno tre\u017eene. Dimenzije ovih plo\u010dica su 20&#215;50 cm.<\/p>\n","protected":false},"featured_media":87421,"template":"","meta":[],"product_cat":[99946,200,220,999,250],"product_tag":[],"_links":{"self":[{"href":"https:\/\/www.keramika.com\/srbija\/wp-json\/wp\/v2\/product\/87420"}],"collection":[{"href":"https:\/\/www.keramika.com\/srbija\/wp-json\/wp\/v2\/product"}],"about":[{"href":"https:\/\/www.keramika.com\/srbija\/wp-json\/wp\/v2\/types\/product"}],"wp:featuredmedia":[{"embeddable":true,"href":"https:\/\/www.keramika.com\/srbija\/wp-json\/wp\/v2\/media\/87421"}],"wp:attachment":[{"href":"https:\/\/www.keramika.com\/srbija\/wp-json\/wp\/v2\/media?parent=87420"}],"wp:term":[{"taxonomy":"product_cat","embeddable":true,"href":"https:\/\/www.keramika.com\/srbija\/wp-json\/wp\/v2\/product_cat?post=87420"},{"taxonomy":"product_tag","embeddable":true,"href":"https:\/\/www.keramika.com\/srbija\/wp-json\/wp\/v2\/product_tag?post=87420"}],"curies":[{"name":"wp","href":"https:\/\/api.w.org\/{rel}","templated":true}]}}