{"id":87416,"date":"2017-07-01T13:35:02","date_gmt":"2017-07-01T13:35:02","guid":{"rendered":"http:\/\/www.ceramictiles.com\/srbija\/product\/look-chocolate-2\/"},"modified":"2025-12-31T00:00:16","modified_gmt":"2025-12-31T00:00:16","slug":"look-chocolate-2","status":"publish","type":"product","link":"https:\/\/www.keramika.com\/srbija\/look-chocolate-2\/","title":{"rendered":"Look Chocolate"},"content":{"rendered":"<p>Look Chocolate je proizvod iz \u0160panije te je izuzetno kvalitetna. Plo\u010dice braon boje osvje\u017eit \u0107e svaki prostor. Veli\u010dina plo\u010dice je 20&#215;50 cm i odli\u010dna je za razli\u010dite povr\u0161ine. Ova plo\u010dica je debela 9 mm i zato je izuzetno izdr\u017eljiva. Look Chocolate je dostupna po vrlo povoljnim cenama 1900,95 RSD.<\/p>\n","protected":false},"excerpt":{"rendered":"<p>Look Chocolate je proizvod iz \u0160panije te je izuzetno kvalitetna. Plo\u010dice braon boje osvje\u017eit \u0107e svaki prostor. Veli\u010dina plo\u010dice je 20&#215;50 cm i odli\u010dna je za razli\u010dite povr\u0161ine. Ova plo\u010dica je debela 9 mm i zato je izuzetno izdr\u017eljiva. Look Chocolate je dostupna po vrlo povoljnim cenama 1900,95 RSD.<\/p>\n","protected":false},"featured_media":87417,"template":"","meta":[],"product_cat":[99946,200,220,999,250],"product_tag":[],"_links":{"self":[{"href":"https:\/\/www.keramika.com\/srbija\/wp-json\/wp\/v2\/product\/87416"}],"collection":[{"href":"https:\/\/www.keramika.com\/srbija\/wp-json\/wp\/v2\/product"}],"about":[{"href":"https:\/\/www.keramika.com\/srbija\/wp-json\/wp\/v2\/types\/product"}],"wp:featuredmedia":[{"embeddable":true,"href":"https:\/\/www.keramika.com\/srbija\/wp-json\/wp\/v2\/media\/87417"}],"wp:attachment":[{"href":"https:\/\/www.keramika.com\/srbija\/wp-json\/wp\/v2\/media?parent=87416"}],"wp:term":[{"taxonomy":"product_cat","embeddable":true,"href":"https:\/\/www.keramika.com\/srbija\/wp-json\/wp\/v2\/product_cat?post=87416"},{"taxonomy":"product_tag","embeddable":true,"href":"https:\/\/www.keramika.com\/srbija\/wp-json\/wp\/v2\/product_tag?post=87416"}],"curies":[{"name":"wp","href":"https:\/\/api.w.org\/{rel}","templated":true}]}}