{"id":87414,"date":"2017-07-01T13:34:53","date_gmt":"2017-07-01T13:34:53","guid":{"rendered":"http:\/\/www.ceramictiles.com\/srbija\/product\/colours-vison\/"},"modified":"2025-12-31T00:00:15","modified_gmt":"2025-12-31T00:00:15","slug":"colours-vison","status":"publish","type":"product","link":"https:\/\/www.keramika.com\/srbija\/colours-vison\/","title":{"rendered":"Colours Vison"},"content":{"rendered":"<p>Plo\u010dice braon boje osvje\u017eit \u0107e svaki prostor. 9 mm debljina \u0107e zadovoljiti i najzahtevnije kupce. Zbog ni\u017eih tro\u0161kova, online prodaje, Vi \u0107e te na na\u0161oj strani ove plo\u010de platiti samo 1900,95 RSD. Dimenzije ovih plo\u010dica su 20&#215;50 cm. Colours Vison je proizvod iz \u0160panije te je izuzetno kvalitetna.<\/p>\n","protected":false},"excerpt":{"rendered":"<p>Plo\u010dice braon boje osvje\u017eit \u0107e svaki prostor. 9 mm debljina \u0107e zadovoljiti i najzahtevnije kupce. Zbog ni\u017eih tro\u0161kova, online prodaje, Vi \u0107e te na na\u0161oj strani ove plo\u010de platiti samo 1900,95 RSD. Dimenzije ovih plo\u010dica su 20&#215;50 cm. Colours Vison je proizvod iz \u0160panije te je izuzetno kvalitetna.<\/p>\n","protected":false},"featured_media":87415,"template":"","meta":[],"product_cat":[99946,200,220,230,999,250],"product_tag":[],"_links":{"self":[{"href":"https:\/\/www.keramika.com\/srbija\/wp-json\/wp\/v2\/product\/87414"}],"collection":[{"href":"https:\/\/www.keramika.com\/srbija\/wp-json\/wp\/v2\/product"}],"about":[{"href":"https:\/\/www.keramika.com\/srbija\/wp-json\/wp\/v2\/types\/product"}],"wp:featuredmedia":[{"embeddable":true,"href":"https:\/\/www.keramika.com\/srbija\/wp-json\/wp\/v2\/media\/87415"}],"wp:attachment":[{"href":"https:\/\/www.keramika.com\/srbija\/wp-json\/wp\/v2\/media?parent=87414"}],"wp:term":[{"taxonomy":"product_cat","embeddable":true,"href":"https:\/\/www.keramika.com\/srbija\/wp-json\/wp\/v2\/product_cat?post=87414"},{"taxonomy":"product_tag","embeddable":true,"href":"https:\/\/www.keramika.com\/srbija\/wp-json\/wp\/v2\/product_tag?post=87414"}],"curies":[{"name":"wp","href":"https:\/\/api.w.org\/{rel}","templated":true}]}}