{"id":87412,"date":"2017-07-01T13:34:43","date_gmt":"2017-07-01T13:34:43","guid":{"rendered":"http:\/\/www.ceramictiles.com\/srbija\/product\/colours-blanco\/"},"modified":"2025-12-31T00:00:15","modified_gmt":"2025-12-31T00:00:15","slug":"colours-blanco","status":"publish","type":"product","link":"https:\/\/www.keramika.com\/srbija\/colours-blanco\/","title":{"rendered":"Colours Blanco"},"content":{"rendered":"<p>Plo\u010dice bele boje, su letos izuzetno tre\u017eene. Ova plo\u010dica je debela 9 mm i zato je izuzetno izdr\u017eljiva. 2375,9 RSD je redovna prodajna cena keramike, tu pa samo 1900,95 RSD. plo\u010dica proizvo\u0111a\u010da Halcon Ceramicas iz \u0160panije. Veli\u010dina plo\u010dice je 20&#215;50 cm i odli\u010dna je za razli\u010dite povr\u0161ine.<\/p>\n","protected":false},"excerpt":{"rendered":"<p>Plo\u010dice bele boje, su letos izuzetno tre\u017eene. Ova plo\u010dica je debela 9 mm i zato je izuzetno izdr\u017eljiva. 2375,9 RSD je redovna prodajna cena keramike, tu pa samo 1900,95 RSD. plo\u010dica proizvo\u0111a\u010da Halcon Ceramicas iz \u0160panije. Veli\u010dina plo\u010dice je 20&#215;50 cm i odli\u010dna je za razli\u010dite povr\u0161ine.<\/p>\n","protected":false},"featured_media":87413,"template":"","meta":[],"product_cat":[99946,200,220,230,999,250],"product_tag":[],"_links":{"self":[{"href":"https:\/\/www.keramika.com\/srbija\/wp-json\/wp\/v2\/product\/87412"}],"collection":[{"href":"https:\/\/www.keramika.com\/srbija\/wp-json\/wp\/v2\/product"}],"about":[{"href":"https:\/\/www.keramika.com\/srbija\/wp-json\/wp\/v2\/types\/product"}],"wp:featuredmedia":[{"embeddable":true,"href":"https:\/\/www.keramika.com\/srbija\/wp-json\/wp\/v2\/media\/87413"}],"wp:attachment":[{"href":"https:\/\/www.keramika.com\/srbija\/wp-json\/wp\/v2\/media?parent=87412"}],"wp:term":[{"taxonomy":"product_cat","embeddable":true,"href":"https:\/\/www.keramika.com\/srbija\/wp-json\/wp\/v2\/product_cat?post=87412"},{"taxonomy":"product_tag","embeddable":true,"href":"https:\/\/www.keramika.com\/srbija\/wp-json\/wp\/v2\/product_tag?post=87412"}],"curies":[{"name":"wp","href":"https:\/\/api.w.org\/{rel}","templated":true}]}}