{"id":87410,"date":"2017-07-01T13:34:32","date_gmt":"2017-07-01T13:34:32","guid":{"rendered":"http:\/\/www.ceramictiles.com\/srbija\/product\/colours-berenjena\/"},"modified":"2025-12-31T00:00:15","modified_gmt":"2025-12-31T00:00:15","slug":"colours-berenjena","status":"publish","type":"product","link":"https:\/\/www.keramika.com\/srbija\/colours-berenjena\/","title":{"rendered":"Colours Berenjena"},"content":{"rendered":"<p>Plo\u010dica 20&#215;50 cm je dobra za ve\u0107 razli\u010ditih namena. Umesto 2375,9 RSD \u0161to je redovna maloprodajna cena keramike, u na\u0161oj online prodavnici, je mo\u017eete dobiti za samo 1900,95 RSD. Plo\u010dice dolaze iz \u0160panije, koja je poznata po kvalitetnoj keramiki. Debljina plo\u010dice, je vrlo va\u017ena 9 mm i ubraja tu plo\u010dicu me\u0111u najkvalitetnije. Ta kolekcija, model plo\u010dice, se prodaje najvi\u0161e ljubi\u010daste boje.<\/p>\n","protected":false},"excerpt":{"rendered":"<p>Plo\u010dica 20&#215;50 cm je dobra za ve\u0107 razli\u010ditih namena. Umesto 2375,9 RSD \u0161to je redovna maloprodajna cena keramike, u na\u0161oj online prodavnici, je mo\u017eete dobiti za samo 1900,95 RSD. Plo\u010dice dolaze iz \u0160panije, koja je poznata po kvalitetnoj keramiki. Debljina plo\u010dice, je vrlo va\u017ena 9 mm i ubraja tu plo\u010dicu me\u0111u najkvalitetnije. Ta kolekcija, model [&hellip;]<\/p>\n","protected":false},"featured_media":87411,"template":"","meta":[],"product_cat":[99946,200,220,230,999,250],"product_tag":[],"_links":{"self":[{"href":"https:\/\/www.keramika.com\/srbija\/wp-json\/wp\/v2\/product\/87410"}],"collection":[{"href":"https:\/\/www.keramika.com\/srbija\/wp-json\/wp\/v2\/product"}],"about":[{"href":"https:\/\/www.keramika.com\/srbija\/wp-json\/wp\/v2\/types\/product"}],"wp:featuredmedia":[{"embeddable":true,"href":"https:\/\/www.keramika.com\/srbija\/wp-json\/wp\/v2\/media\/87411"}],"wp:attachment":[{"href":"https:\/\/www.keramika.com\/srbija\/wp-json\/wp\/v2\/media?parent=87410"}],"wp:term":[{"taxonomy":"product_cat","embeddable":true,"href":"https:\/\/www.keramika.com\/srbija\/wp-json\/wp\/v2\/product_cat?post=87410"},{"taxonomy":"product_tag","embeddable":true,"href":"https:\/\/www.keramika.com\/srbija\/wp-json\/wp\/v2\/product_tag?post=87410"}],"curies":[{"name":"wp","href":"https:\/\/api.w.org\/{rel}","templated":true}]}}