{"id":87406,"date":"2017-07-01T13:34:12","date_gmt":"2017-07-01T13:34:12","guid":{"rendered":"http:\/\/www.ceramictiles.com\/srbija\/product\/prisma-pistacho\/"},"modified":"2025-12-31T00:00:14","modified_gmt":"2025-12-31T00:00:14","slug":"prisma-pistacho","status":"publish","type":"product","link":"https:\/\/www.keramika.com\/srbija\/prisma-pistacho\/","title":{"rendered":"Prisma Pistacho"},"content":{"rendered":"<p>Ove zelene kerami\u010dke plo\u010dice, obogatit \u0107e svaki prostor. Debljina 9 mm \u010dini plo\u010dicu vrlo izdr\u017eljivom i prijatnom na dodir. Plo\u010dice dolaze iz \u0160panije, koja je poznata po kvalitetnoj keramiki. Veli\u010dina 31,6&#215;31,6 cm je odli\u010dna za sve podloge. Redovna cena, ovih plo\u010dica u maloprodaji je 2149,35 RSD. U na\u0161oj online trgovini, je mo\u017eete kupiti za 1719,25 RSD.<\/p>\n","protected":false},"excerpt":{"rendered":"<p>Ove zelene kerami\u010dke plo\u010dice, obogatit \u0107e svaki prostor. Debljina 9 mm \u010dini plo\u010dicu vrlo izdr\u017eljivom i prijatnom na dodir. Plo\u010dice dolaze iz \u0160panije, koja je poznata po kvalitetnoj keramiki. Veli\u010dina 31,6&#215;31,6 cm je odli\u010dna za sve podloge. Redovna cena, ovih plo\u010dica u maloprodaji je 2149,35 RSD. U na\u0161oj online trgovini, je mo\u017eete kupiti za 1719,25 [&hellip;]<\/p>\n","protected":false},"featured_media":87407,"template":"","meta":[],"product_cat":[210,99946,200,240,999],"product_tag":[],"_links":{"self":[{"href":"https:\/\/www.keramika.com\/srbija\/wp-json\/wp\/v2\/product\/87406"}],"collection":[{"href":"https:\/\/www.keramika.com\/srbija\/wp-json\/wp\/v2\/product"}],"about":[{"href":"https:\/\/www.keramika.com\/srbija\/wp-json\/wp\/v2\/types\/product"}],"wp:featuredmedia":[{"embeddable":true,"href":"https:\/\/www.keramika.com\/srbija\/wp-json\/wp\/v2\/media\/87407"}],"wp:attachment":[{"href":"https:\/\/www.keramika.com\/srbija\/wp-json\/wp\/v2\/media?parent=87406"}],"wp:term":[{"taxonomy":"product_cat","embeddable":true,"href":"https:\/\/www.keramika.com\/srbija\/wp-json\/wp\/v2\/product_cat?post=87406"},{"taxonomy":"product_tag","embeddable":true,"href":"https:\/\/www.keramika.com\/srbija\/wp-json\/wp\/v2\/product_tag?post=87406"}],"curies":[{"name":"wp","href":"https:\/\/api.w.org\/{rel}","templated":true}]}}