{"id":87404,"date":"2017-07-01T13:33:59","date_gmt":"2017-07-01T13:33:59","guid":{"rendered":"http:\/\/www.ceramictiles.com\/srbija\/product\/prisma-negro\/"},"modified":"2025-12-31T00:00:14","modified_gmt":"2025-12-31T00:00:14","slug":"prisma-negro","status":"publish","type":"product","link":"https:\/\/www.keramika.com\/srbija\/prisma-negro\/","title":{"rendered":"Prisma Negro"},"content":{"rendered":"<p>Plo\u010dice crne boje osvje\u017eit \u0107e svaki prostor. Veli\u010dina 31,6&#215;31,6 cm je odli\u010dna za sve podloge. Plo\u010dica je debela 9 mm, \u0161to je ubraja u tvrde plo\u010dice. Plo\u010dice dolaze iz \u0160panije, koja je poznata po kvalitetnoj keramiki. U maloprodaji bi morali za tu plo\u010dicu platiti 2149,35 RSD, online cena je samo 1719,25 RSD.<\/p>\n","protected":false},"excerpt":{"rendered":"<p>Plo\u010dice crne boje osvje\u017eit \u0107e svaki prostor. Veli\u010dina 31,6&#215;31,6 cm je odli\u010dna za sve podloge. Plo\u010dica je debela 9 mm, \u0161to je ubraja u tvrde plo\u010dice. Plo\u010dice dolaze iz \u0160panije, koja je poznata po kvalitetnoj keramiki. U maloprodaji bi morali za tu plo\u010dicu platiti 2149,35 RSD, online cena je samo 1719,25 RSD.<\/p>\n","protected":false},"featured_media":87405,"template":"","meta":[],"product_cat":[210,99946,200,240,999],"product_tag":[],"_links":{"self":[{"href":"https:\/\/www.keramika.com\/srbija\/wp-json\/wp\/v2\/product\/87404"}],"collection":[{"href":"https:\/\/www.keramika.com\/srbija\/wp-json\/wp\/v2\/product"}],"about":[{"href":"https:\/\/www.keramika.com\/srbija\/wp-json\/wp\/v2\/types\/product"}],"wp:featuredmedia":[{"embeddable":true,"href":"https:\/\/www.keramika.com\/srbija\/wp-json\/wp\/v2\/media\/87405"}],"wp:attachment":[{"href":"https:\/\/www.keramika.com\/srbija\/wp-json\/wp\/v2\/media?parent=87404"}],"wp:term":[{"taxonomy":"product_cat","embeddable":true,"href":"https:\/\/www.keramika.com\/srbija\/wp-json\/wp\/v2\/product_cat?post=87404"},{"taxonomy":"product_tag","embeddable":true,"href":"https:\/\/www.keramika.com\/srbija\/wp-json\/wp\/v2\/product_tag?post=87404"}],"curies":[{"name":"wp","href":"https:\/\/api.w.org\/{rel}","templated":true}]}}