{"id":87402,"date":"2017-07-01T13:33:48","date_gmt":"2017-07-01T13:33:48","guid":{"rendered":"http:\/\/www.ceramictiles.com\/srbija\/product\/prisma-lila\/"},"modified":"2025-12-31T00:00:14","modified_gmt":"2025-12-31T00:00:14","slug":"prisma-lila","status":"publish","type":"product","link":"https:\/\/www.keramika.com\/srbija\/prisma-lila\/","title":{"rendered":"Prisma Lila"},"content":{"rendered":"<p>Redovna cena, ovih plo\u010dica u maloprodaji je 2149,35 RSD. U na\u0161oj online trgovini, je mo\u017eete kupiti za 1719,25 RSD. 9 mm debljine je dovoljno za zahtevnije kupce. Ove ljubi\u010daste kerami\u010dke plo\u010dice, obogatit \u0107e svaki prostor. Plo\u010dica 31,6&#215;31,6 cm je dobra za ve\u0107 razli\u010ditih namena. Ove plo\u010dice dolaze od proizvo\u0111a\u010da Halcon Ceramicas, iz \u0160panije.<\/p>\n","protected":false},"excerpt":{"rendered":"<p>Redovna cena, ovih plo\u010dica u maloprodaji je 2149,35 RSD. U na\u0161oj online trgovini, je mo\u017eete kupiti za 1719,25 RSD. 9 mm debljine je dovoljno za zahtevnije kupce. Ove ljubi\u010daste kerami\u010dke plo\u010dice, obogatit \u0107e svaki prostor. Plo\u010dica 31,6&#215;31,6 cm je dobra za ve\u0107 razli\u010ditih namena. Ove plo\u010dice dolaze od proizvo\u0111a\u010da Halcon Ceramicas, iz \u0160panije.<\/p>\n","protected":false},"featured_media":87403,"template":"","meta":[],"product_cat":[210,99946,200,240,999],"product_tag":[],"_links":{"self":[{"href":"https:\/\/www.keramika.com\/srbija\/wp-json\/wp\/v2\/product\/87402"}],"collection":[{"href":"https:\/\/www.keramika.com\/srbija\/wp-json\/wp\/v2\/product"}],"about":[{"href":"https:\/\/www.keramika.com\/srbija\/wp-json\/wp\/v2\/types\/product"}],"wp:featuredmedia":[{"embeddable":true,"href":"https:\/\/www.keramika.com\/srbija\/wp-json\/wp\/v2\/media\/87403"}],"wp:attachment":[{"href":"https:\/\/www.keramika.com\/srbija\/wp-json\/wp\/v2\/media?parent=87402"}],"wp:term":[{"taxonomy":"product_cat","embeddable":true,"href":"https:\/\/www.keramika.com\/srbija\/wp-json\/wp\/v2\/product_cat?post=87402"},{"taxonomy":"product_tag","embeddable":true,"href":"https:\/\/www.keramika.com\/srbija\/wp-json\/wp\/v2\/product_tag?post=87402"}],"curies":[{"name":"wp","href":"https:\/\/api.w.org\/{rel}","templated":true}]}}