{"id":87400,"date":"2017-07-01T13:33:36","date_gmt":"2017-07-01T13:33:36","guid":{"rendered":"http:\/\/www.ceramictiles.com\/srbija\/product\/prisma-gris\/"},"modified":"2025-12-31T00:00:14","modified_gmt":"2025-12-31T00:00:14","slug":"prisma-gris","status":"publish","type":"product","link":"https:\/\/www.keramika.com\/srbija\/prisma-gris\/","title":{"rendered":"Prisma Gris"},"content":{"rendered":"<p>U izboru plo\u010dica sive boje, ne mo\u017eete pogre\u0161iti. Redovna cena, ovih plo\u010dica u maloprodaji je 2149,35 RSD. U na\u0161oj online trgovini, je mo\u017eete kupiti za 1719,25 RSD. Plo\u010dica na sliki je 31,6&#215;31,6 cm. Debljina plo\u010dice, je vrlo va\u017ena 9 mm i ubraja tu plo\u010dicu me\u0111u najkvalitetnije. Prisma Gris je proizvod iz \u0160panije te je izuzetno kvalitetna.<\/p>\n","protected":false},"excerpt":{"rendered":"<p>U izboru plo\u010dica sive boje, ne mo\u017eete pogre\u0161iti. Redovna cena, ovih plo\u010dica u maloprodaji je 2149,35 RSD. U na\u0161oj online trgovini, je mo\u017eete kupiti za 1719,25 RSD. Plo\u010dica na sliki je 31,6&#215;31,6 cm. Debljina plo\u010dice, je vrlo va\u017ena 9 mm i ubraja tu plo\u010dicu me\u0111u najkvalitetnije. Prisma Gris je proizvod iz \u0160panije te je izuzetno [&hellip;]<\/p>\n","protected":false},"featured_media":87401,"template":"","meta":[],"product_cat":[210,99946,200,240,999],"product_tag":[],"_links":{"self":[{"href":"https:\/\/www.keramika.com\/srbija\/wp-json\/wp\/v2\/product\/87400"}],"collection":[{"href":"https:\/\/www.keramika.com\/srbija\/wp-json\/wp\/v2\/product"}],"about":[{"href":"https:\/\/www.keramika.com\/srbija\/wp-json\/wp\/v2\/types\/product"}],"wp:featuredmedia":[{"embeddable":true,"href":"https:\/\/www.keramika.com\/srbija\/wp-json\/wp\/v2\/media\/87401"}],"wp:attachment":[{"href":"https:\/\/www.keramika.com\/srbija\/wp-json\/wp\/v2\/media?parent=87400"}],"wp:term":[{"taxonomy":"product_cat","embeddable":true,"href":"https:\/\/www.keramika.com\/srbija\/wp-json\/wp\/v2\/product_cat?post=87400"},{"taxonomy":"product_tag","embeddable":true,"href":"https:\/\/www.keramika.com\/srbija\/wp-json\/wp\/v2\/product_tag?post=87400"}],"curies":[{"name":"wp","href":"https:\/\/api.w.org\/{rel}","templated":true}]}}