{"id":87398,"date":"2017-07-01T13:33:25","date_gmt":"2017-07-01T13:33:25","guid":{"rendered":"http:\/\/www.ceramictiles.com\/srbija\/product\/prisma-canela\/"},"modified":"2025-12-31T00:00:14","modified_gmt":"2025-12-31T00:00:14","slug":"prisma-canela","status":"publish","type":"product","link":"https:\/\/www.keramika.com\/srbija\/prisma-canela\/","title":{"rendered":"Prisma Canela"},"content":{"rendered":"<p>Izuzetno moderne plo\u010dice braon boje, osve\u017eit \u0107e svaki prostor. Debljina plo\u010dice, je vrlo va\u017ena 9 mm i ubraja tu plo\u010dicu me\u0111u najkvalitetnije. Proizvodnja \u0160panije ,koja je poznata u svetu, kao jedana od najboljih proizvo\u0111a\u010da kerami\u010dkih plo\u010dica. \u0160irina i du\u017eina plo\u010dice su 31,6&#215;31,6 cm. Prisma Canela je dostupna po vrlo povoljnim cenama 1719,25 RSD.<\/p>\n","protected":false},"excerpt":{"rendered":"<p>Izuzetno moderne plo\u010dice braon boje, osve\u017eit \u0107e svaki prostor. Debljina plo\u010dice, je vrlo va\u017ena 9 mm i ubraja tu plo\u010dicu me\u0111u najkvalitetnije. Proizvodnja \u0160panije ,koja je poznata u svetu, kao jedana od najboljih proizvo\u0111a\u010da kerami\u010dkih plo\u010dica. \u0160irina i du\u017eina plo\u010dice su 31,6&#215;31,6 cm. Prisma Canela je dostupna po vrlo povoljnim cenama 1719,25 RSD.<\/p>\n","protected":false},"featured_media":87399,"template":"","meta":[],"product_cat":[210,99946,200,240,999],"product_tag":[],"_links":{"self":[{"href":"https:\/\/www.keramika.com\/srbija\/wp-json\/wp\/v2\/product\/87398"}],"collection":[{"href":"https:\/\/www.keramika.com\/srbija\/wp-json\/wp\/v2\/product"}],"about":[{"href":"https:\/\/www.keramika.com\/srbija\/wp-json\/wp\/v2\/types\/product"}],"wp:featuredmedia":[{"embeddable":true,"href":"https:\/\/www.keramika.com\/srbija\/wp-json\/wp\/v2\/media\/87399"}],"wp:attachment":[{"href":"https:\/\/www.keramika.com\/srbija\/wp-json\/wp\/v2\/media?parent=87398"}],"wp:term":[{"taxonomy":"product_cat","embeddable":true,"href":"https:\/\/www.keramika.com\/srbija\/wp-json\/wp\/v2\/product_cat?post=87398"},{"taxonomy":"product_tag","embeddable":true,"href":"https:\/\/www.keramika.com\/srbija\/wp-json\/wp\/v2\/product_tag?post=87398"}],"curies":[{"name":"wp","href":"https:\/\/api.w.org\/{rel}","templated":true}]}}