{"id":87396,"date":"2017-07-01T13:33:13","date_gmt":"2017-07-01T13:33:13","guid":{"rendered":"http:\/\/www.ceramictiles.com\/srbija\/product\/prisma-cafe\/"},"modified":"2025-12-31T00:00:13","modified_gmt":"2025-12-31T00:00:13","slug":"prisma-cafe","status":"publish","type":"product","link":"https:\/\/www.keramika.com\/srbija\/prisma-cafe\/","title":{"rendered":"Prisma Cafe"},"content":{"rendered":"<p>Plo\u010dica na sliki je 31,6&#215;31,6 cm. 2149,35 RSD je redovna prodajna cena keramike, tu pa samo 1719,25 RSD. U izboru plo\u010dica braon boje, ne mo\u017eete pogre\u0161iti. 9 mm debljina \u0107e zadovoljiti i najzahtevnije kupce. Proizvodnja \u0160panije ,koja je poznata u svetu, kao jedana od najboljih proizvo\u0111a\u010da kerami\u010dkih plo\u010dica.<\/p>\n","protected":false},"excerpt":{"rendered":"<p>Plo\u010dica na sliki je 31,6&#215;31,6 cm. 2149,35 RSD je redovna prodajna cena keramike, tu pa samo 1719,25 RSD. U izboru plo\u010dica braon boje, ne mo\u017eete pogre\u0161iti. 9 mm debljina \u0107e zadovoljiti i najzahtevnije kupce. Proizvodnja \u0160panije ,koja je poznata u svetu, kao jedana od najboljih proizvo\u0111a\u010da kerami\u010dkih plo\u010dica.<\/p>\n","protected":false},"featured_media":87397,"template":"","meta":[],"product_cat":[210,99946,200,240,999],"product_tag":[],"_links":{"self":[{"href":"https:\/\/www.keramika.com\/srbija\/wp-json\/wp\/v2\/product\/87396"}],"collection":[{"href":"https:\/\/www.keramika.com\/srbija\/wp-json\/wp\/v2\/product"}],"about":[{"href":"https:\/\/www.keramika.com\/srbija\/wp-json\/wp\/v2\/types\/product"}],"wp:featuredmedia":[{"embeddable":true,"href":"https:\/\/www.keramika.com\/srbija\/wp-json\/wp\/v2\/media\/87397"}],"wp:attachment":[{"href":"https:\/\/www.keramika.com\/srbija\/wp-json\/wp\/v2\/media?parent=87396"}],"wp:term":[{"taxonomy":"product_cat","embeddable":true,"href":"https:\/\/www.keramika.com\/srbija\/wp-json\/wp\/v2\/product_cat?post=87396"},{"taxonomy":"product_tag","embeddable":true,"href":"https:\/\/www.keramika.com\/srbija\/wp-json\/wp\/v2\/product_tag?post=87396"}],"curies":[{"name":"wp","href":"https:\/\/api.w.org\/{rel}","templated":true}]}}