{"id":87394,"date":"2017-07-01T13:33:02","date_gmt":"2017-07-01T13:33:02","guid":{"rendered":"http:\/\/www.ceramictiles.com\/srbija\/product\/prisma-blanco\/"},"modified":"2025-12-31T00:00:13","modified_gmt":"2025-12-31T00:00:13","slug":"prisma-blanco","status":"publish","type":"product","link":"https:\/\/www.keramika.com\/srbija\/prisma-blanco\/","title":{"rendered":"Prisma Blanco"},"content":{"rendered":"<p>Redovna cena, ovih plo\u010dica u maloprodaji je 2149,35 RSD. U na\u0161oj online trgovini, je mo\u017eete kupiti za 1719,25 RSD. Plo\u010dica 31,6&#215;31,6 cm je dobra za ve\u0107 razli\u010ditih namena. Plo\u010dice bele boje osvje\u017eit \u0107e svaki prostor. Debljina plo\u010dice, je vrlo va\u017ena 9 mm i ubraja tu plo\u010dicu me\u0111u najkvalitetnije. Proizvodnja \u0160panije ,koja je poznata u svetu, kao jedana od najboljih proizvo\u0111a\u010da kerami\u010dkih plo\u010dica.<\/p>\n","protected":false},"excerpt":{"rendered":"<p>Redovna cena, ovih plo\u010dica u maloprodaji je 2149,35 RSD. U na\u0161oj online trgovini, je mo\u017eete kupiti za 1719,25 RSD. Plo\u010dica 31,6&#215;31,6 cm je dobra za ve\u0107 razli\u010ditih namena. Plo\u010dice bele boje osvje\u017eit \u0107e svaki prostor. Debljina plo\u010dice, je vrlo va\u017ena 9 mm i ubraja tu plo\u010dicu me\u0111u najkvalitetnije. Proizvodnja \u0160panije ,koja je poznata u svetu, [&hellip;]<\/p>\n","protected":false},"featured_media":87395,"template":"","meta":[],"product_cat":[210,99946,200,240,999],"product_tag":[],"_links":{"self":[{"href":"https:\/\/www.keramika.com\/srbija\/wp-json\/wp\/v2\/product\/87394"}],"collection":[{"href":"https:\/\/www.keramika.com\/srbija\/wp-json\/wp\/v2\/product"}],"about":[{"href":"https:\/\/www.keramika.com\/srbija\/wp-json\/wp\/v2\/types\/product"}],"wp:featuredmedia":[{"embeddable":true,"href":"https:\/\/www.keramika.com\/srbija\/wp-json\/wp\/v2\/media\/87395"}],"wp:attachment":[{"href":"https:\/\/www.keramika.com\/srbija\/wp-json\/wp\/v2\/media?parent=87394"}],"wp:term":[{"taxonomy":"product_cat","embeddable":true,"href":"https:\/\/www.keramika.com\/srbija\/wp-json\/wp\/v2\/product_cat?post=87394"},{"taxonomy":"product_tag","embeddable":true,"href":"https:\/\/www.keramika.com\/srbija\/wp-json\/wp\/v2\/product_tag?post=87394"}],"curies":[{"name":"wp","href":"https:\/\/api.w.org\/{rel}","templated":true}]}}