{"id":87392,"date":"2017-07-01T13:32:51","date_gmt":"2017-07-01T13:32:51","guid":{"rendered":"http:\/\/www.ceramictiles.com\/srbija\/product\/prisma-azul\/"},"modified":"2025-12-31T00:00:13","modified_gmt":"2025-12-31T00:00:13","slug":"prisma-azul","status":"publish","type":"product","link":"https:\/\/www.keramika.com\/srbija\/prisma-azul\/","title":{"rendered":"Prisma Azul"},"content":{"rendered":"<p>2149,35 RSD je redovna prodajna cena keramike, tu pa samo 1719,25 RSD. 9 mm debljina \u0107e zadovoljiti i najzahtevnije kupce. Ove plo\u010dice dolaze od proizvo\u0111a\u010da Halcon Ceramicas, iz \u0160panije. Ta kolekcija, model plo\u010dice, se prodaje najvi\u0161e plave boje. Plo\u010dica na sliki je 31,6&#215;31,6 cm.<\/p>\n","protected":false},"excerpt":{"rendered":"<p>2149,35 RSD je redovna prodajna cena keramike, tu pa samo 1719,25 RSD. 9 mm debljina \u0107e zadovoljiti i najzahtevnije kupce. Ove plo\u010dice dolaze od proizvo\u0111a\u010da Halcon Ceramicas, iz \u0160panije. Ta kolekcija, model plo\u010dice, se prodaje najvi\u0161e plave boje. Plo\u010dica na sliki je 31,6&#215;31,6 cm.<\/p>\n","protected":false},"featured_media":87393,"template":"","meta":[],"product_cat":[210,99946,200,240,999],"product_tag":[],"_links":{"self":[{"href":"https:\/\/www.keramika.com\/srbija\/wp-json\/wp\/v2\/product\/87392"}],"collection":[{"href":"https:\/\/www.keramika.com\/srbija\/wp-json\/wp\/v2\/product"}],"about":[{"href":"https:\/\/www.keramika.com\/srbija\/wp-json\/wp\/v2\/types\/product"}],"wp:featuredmedia":[{"embeddable":true,"href":"https:\/\/www.keramika.com\/srbija\/wp-json\/wp\/v2\/media\/87393"}],"wp:attachment":[{"href":"https:\/\/www.keramika.com\/srbija\/wp-json\/wp\/v2\/media?parent=87392"}],"wp:term":[{"taxonomy":"product_cat","embeddable":true,"href":"https:\/\/www.keramika.com\/srbija\/wp-json\/wp\/v2\/product_cat?post=87392"},{"taxonomy":"product_tag","embeddable":true,"href":"https:\/\/www.keramika.com\/srbija\/wp-json\/wp\/v2\/product_tag?post=87392"}],"curies":[{"name":"wp","href":"https:\/\/api.w.org\/{rel}","templated":true}]}}