{"id":87390,"date":"2017-07-01T13:32:39","date_gmt":"2017-07-01T13:32:39","guid":{"rendered":"http:\/\/www.ceramictiles.com\/srbija\/product\/look-perla\/"},"modified":"2025-12-31T00:00:13","modified_gmt":"2025-12-31T00:00:13","slug":"look-perla","status":"publish","type":"product","link":"https:\/\/www.keramika.com\/srbija\/look-perla\/","title":{"rendered":"Look  Perla"},"content":{"rendered":"<p>Proizvodnja \u0160panije ,koja je poznata u svetu, kao jedana od najboljih proizvo\u0111a\u010da kerami\u010dkih plo\u010dica. 9 mm debljina \u0107e zadovoljiti i najzahtevnije kupce. Dimenzije ovih plo\u010dica su 45&#215;45 cm. Plo\u010dice bele boje, su letos izuzetno tre\u017eene. Zbog ni\u017eih tro\u0161kova, online prodaje, Vi \u0107e te na na\u0161oj strani ove plo\u010de platiti samo 1690,5 RSD.<\/p>\n","protected":false},"excerpt":{"rendered":"<p>Proizvodnja \u0160panije ,koja je poznata u svetu, kao jedana od najboljih proizvo\u0111a\u010da kerami\u010dkih plo\u010dica. 9 mm debljina \u0107e zadovoljiti i najzahtevnije kupce. Dimenzije ovih plo\u010dica su 45&#215;45 cm. Plo\u010dice bele boje, su letos izuzetno tre\u017eene. Zbog ni\u017eih tro\u0161kova, online prodaje, Vi \u0107e te na na\u0161oj strani ove plo\u010de platiti samo 1690,5 RSD.<\/p>\n","protected":false},"featured_media":87391,"template":"","meta":[],"product_cat":[210,99946,200,240,999],"product_tag":[],"_links":{"self":[{"href":"https:\/\/www.keramika.com\/srbija\/wp-json\/wp\/v2\/product\/87390"}],"collection":[{"href":"https:\/\/www.keramika.com\/srbija\/wp-json\/wp\/v2\/product"}],"about":[{"href":"https:\/\/www.keramika.com\/srbija\/wp-json\/wp\/v2\/types\/product"}],"wp:featuredmedia":[{"embeddable":true,"href":"https:\/\/www.keramika.com\/srbija\/wp-json\/wp\/v2\/media\/87391"}],"wp:attachment":[{"href":"https:\/\/www.keramika.com\/srbija\/wp-json\/wp\/v2\/media?parent=87390"}],"wp:term":[{"taxonomy":"product_cat","embeddable":true,"href":"https:\/\/www.keramika.com\/srbija\/wp-json\/wp\/v2\/product_cat?post=87390"},{"taxonomy":"product_tag","embeddable":true,"href":"https:\/\/www.keramika.com\/srbija\/wp-json\/wp\/v2\/product_tag?post=87390"}],"curies":[{"name":"wp","href":"https:\/\/api.w.org\/{rel}","templated":true}]}}