{"id":87388,"date":"2017-07-01T13:32:28","date_gmt":"2017-07-01T13:32:28","guid":{"rendered":"http:\/\/www.ceramictiles.com\/srbija\/product\/look-grafito\/"},"modified":"2025-12-31T00:00:13","modified_gmt":"2025-12-31T00:00:13","slug":"look-grafito","status":"publish","type":"product","link":"https:\/\/www.keramika.com\/srbija\/look-grafito\/","title":{"rendered":"Look  Grafito"},"content":{"rendered":"<p>Debljina 9 mm \u010dini plo\u010dicu vrlo izdr\u017eljivom i prijatnom na dodir. Plo\u010dica 45&#215;45 cm je dobra za ve\u0107 razli\u010ditih namena. U maloprodaji bi morali za tu plo\u010dicu platiti 2113,7 RSD, online cena je samo 1690,5 RSD. Look Grafito dolazi iz \u0160panije, koja je poznata po vrlo visokoj kvaliteta keramike u svetu. Plo\u010dice sive boje, su letos izuzetno tre\u017eene.<\/p>\n","protected":false},"excerpt":{"rendered":"<p>Debljina 9 mm \u010dini plo\u010dicu vrlo izdr\u017eljivom i prijatnom na dodir. Plo\u010dica 45&#215;45 cm je dobra za ve\u0107 razli\u010ditih namena. U maloprodaji bi morali za tu plo\u010dicu platiti 2113,7 RSD, online cena je samo 1690,5 RSD. Look Grafito dolazi iz \u0160panije, koja je poznata po vrlo visokoj kvaliteta keramike u svetu. Plo\u010dice sive boje, su [&hellip;]<\/p>\n","protected":false},"featured_media":87389,"template":"","meta":[],"product_cat":[210,99946,200,240,999],"product_tag":[],"_links":{"self":[{"href":"https:\/\/www.keramika.com\/srbija\/wp-json\/wp\/v2\/product\/87388"}],"collection":[{"href":"https:\/\/www.keramika.com\/srbija\/wp-json\/wp\/v2\/product"}],"about":[{"href":"https:\/\/www.keramika.com\/srbija\/wp-json\/wp\/v2\/types\/product"}],"wp:featuredmedia":[{"embeddable":true,"href":"https:\/\/www.keramika.com\/srbija\/wp-json\/wp\/v2\/media\/87389"}],"wp:attachment":[{"href":"https:\/\/www.keramika.com\/srbija\/wp-json\/wp\/v2\/media?parent=87388"}],"wp:term":[{"taxonomy":"product_cat","embeddable":true,"href":"https:\/\/www.keramika.com\/srbija\/wp-json\/wp\/v2\/product_cat?post=87388"},{"taxonomy":"product_tag","embeddable":true,"href":"https:\/\/www.keramika.com\/srbija\/wp-json\/wp\/v2\/product_tag?post=87388"}],"curies":[{"name":"wp","href":"https:\/\/api.w.org\/{rel}","templated":true}]}}