{"id":87384,"date":"2017-07-01T13:32:05","date_gmt":"2017-07-01T13:32:05","guid":{"rendered":"http:\/\/www.ceramictiles.com\/srbija\/product\/look-chocolate\/"},"modified":"2025-12-31T00:00:13","modified_gmt":"2025-12-31T00:00:13","slug":"look-chocolate","status":"publish","type":"product","link":"https:\/\/www.keramika.com\/srbija\/look-chocolate\/","title":{"rendered":"Look  Chocolate"},"content":{"rendered":"<p>Look Chocolate je dostupna po vrlo povoljnim cenama 1690,5 RSD. Plo\u010dica na sliki je 45&#215;45 cm. Plo\u010dica je debela 9 mm, \u0161to je ubraja u tvrde plo\u010dice. Keramika je prekrasne braon boje. U koliko \u017eelite neku drugu boju, pozovite nas i mi \u0107emo proveriti kod proizvo\u0111a\u010da. Look Chocolate je proizvod iz \u0160panije te je izuzetno kvalitetna.<\/p>\n","protected":false},"excerpt":{"rendered":"<p>Look Chocolate je dostupna po vrlo povoljnim cenama 1690,5 RSD. Plo\u010dica na sliki je 45&#215;45 cm. Plo\u010dica je debela 9 mm, \u0161to je ubraja u tvrde plo\u010dice. Keramika je prekrasne braon boje. U koliko \u017eelite neku drugu boju, pozovite nas i mi \u0107emo proveriti kod proizvo\u0111a\u010da. Look Chocolate je proizvod iz \u0160panije te je izuzetno [&hellip;]<\/p>\n","protected":false},"featured_media":87385,"template":"","meta":[],"product_cat":[210,99946,200,240,999],"product_tag":[],"_links":{"self":[{"href":"https:\/\/www.keramika.com\/srbija\/wp-json\/wp\/v2\/product\/87384"}],"collection":[{"href":"https:\/\/www.keramika.com\/srbija\/wp-json\/wp\/v2\/product"}],"about":[{"href":"https:\/\/www.keramika.com\/srbija\/wp-json\/wp\/v2\/types\/product"}],"wp:featuredmedia":[{"embeddable":true,"href":"https:\/\/www.keramika.com\/srbija\/wp-json\/wp\/v2\/media\/87385"}],"wp:attachment":[{"href":"https:\/\/www.keramika.com\/srbija\/wp-json\/wp\/v2\/media?parent=87384"}],"wp:term":[{"taxonomy":"product_cat","embeddable":true,"href":"https:\/\/www.keramika.com\/srbija\/wp-json\/wp\/v2\/product_cat?post=87384"},{"taxonomy":"product_tag","embeddable":true,"href":"https:\/\/www.keramika.com\/srbija\/wp-json\/wp\/v2\/product_tag?post=87384"}],"curies":[{"name":"wp","href":"https:\/\/api.w.org\/{rel}","templated":true}]}}