{"id":87382,"date":"2017-07-01T13:31:50","date_gmt":"2017-07-01T13:31:50","guid":{"rendered":"http:\/\/www.ceramictiles.com\/srbija\/product\/portland-marron\/"},"modified":"2025-12-31T00:00:12","modified_gmt":"2025-12-31T00:00:12","slug":"portland-marron","status":"publish","type":"product","link":"https:\/\/www.keramika.com\/srbija\/portland-marron\/","title":{"rendered":"Portland Marron"},"content":{"rendered":"<p>2002,15 RSD je redovna prodajna cena keramike, tu pa samo 1600,8 RSD. Ta kolekcija, model plo\u010dice, se prodaje najvi\u0161e braon boje. Portland Marron dolazi iz \u0160panije, koja je poznata po vrlo visokoj kvaliteta keramike u svetu. Veli\u010dina ove plo\u010dice je 45&#215;45 cm. Debljina 9 mm \u010dini plo\u010dicu vrlo izdr\u017eljivom i prijatnom na dodir.<\/p>\n","protected":false},"excerpt":{"rendered":"<p>2002,15 RSD je redovna prodajna cena keramike, tu pa samo 1600,8 RSD. Ta kolekcija, model plo\u010dice, se prodaje najvi\u0161e braon boje. Portland Marron dolazi iz \u0160panije, koja je poznata po vrlo visokoj kvaliteta keramike u svetu. Veli\u010dina ove plo\u010dice je 45&#215;45 cm. Debljina 9 mm \u010dini plo\u010dicu vrlo izdr\u017eljivom i prijatnom na dodir.<\/p>\n","protected":false},"featured_media":87383,"template":"","meta":[],"product_cat":[210,99946,200,240,999],"product_tag":[],"_links":{"self":[{"href":"https:\/\/www.keramika.com\/srbija\/wp-json\/wp\/v2\/product\/87382"}],"collection":[{"href":"https:\/\/www.keramika.com\/srbija\/wp-json\/wp\/v2\/product"}],"about":[{"href":"https:\/\/www.keramika.com\/srbija\/wp-json\/wp\/v2\/types\/product"}],"wp:featuredmedia":[{"embeddable":true,"href":"https:\/\/www.keramika.com\/srbija\/wp-json\/wp\/v2\/media\/87383"}],"wp:attachment":[{"href":"https:\/\/www.keramika.com\/srbija\/wp-json\/wp\/v2\/media?parent=87382"}],"wp:term":[{"taxonomy":"product_cat","embeddable":true,"href":"https:\/\/www.keramika.com\/srbija\/wp-json\/wp\/v2\/product_cat?post=87382"},{"taxonomy":"product_tag","embeddable":true,"href":"https:\/\/www.keramika.com\/srbija\/wp-json\/wp\/v2\/product_tag?post=87382"}],"curies":[{"name":"wp","href":"https:\/\/api.w.org\/{rel}","templated":true}]}}