{"id":87374,"date":"2017-07-01T13:31:01","date_gmt":"2017-07-01T13:31:01","guid":{"rendered":"http:\/\/www.ceramictiles.com\/srbija\/product\/bambu-marron\/"},"modified":"2025-12-31T00:00:12","modified_gmt":"2025-12-31T00:00:12","slug":"bambu-marron","status":"publish","type":"product","link":"https:\/\/www.keramika.com\/srbija\/bambu-marron\/","title":{"rendered":"Bambu Marron"},"content":{"rendered":"<p>\u0160irina i du\u017eina plo\u010dice su 25&#215;36,5 cm. 9 mm debljina \u0107e zadovoljiti i najzahtevnije kupce. Bambu Marron je proizvod iz \u0160panije te je izuzetno kvalitetna. U maloprodaji bi morali za tu plo\u010dicu platiti 2002,15 RSD, online cena je samo 1600,8 RSD. U izboru plo\u010dica braon boje, ne mo\u017eete pogre\u0161iti.<\/p>\n","protected":false},"excerpt":{"rendered":"<p>\u0160irina i du\u017eina plo\u010dice su 25&#215;36,5 cm. 9 mm debljina \u0107e zadovoljiti i najzahtevnije kupce. Bambu Marron je proizvod iz \u0160panije te je izuzetno kvalitetna. U maloprodaji bi morali za tu plo\u010dicu platiti 2002,15 RSD, online cena je samo 1600,8 RSD. U izboru plo\u010dica braon boje, ne mo\u017eete pogre\u0161iti.<\/p>\n","protected":false},"featured_media":87375,"template":"","meta":[],"product_cat":[210,99946,200,999,250],"product_tag":[],"_links":{"self":[{"href":"https:\/\/www.keramika.com\/srbija\/wp-json\/wp\/v2\/product\/87374"}],"collection":[{"href":"https:\/\/www.keramika.com\/srbija\/wp-json\/wp\/v2\/product"}],"about":[{"href":"https:\/\/www.keramika.com\/srbija\/wp-json\/wp\/v2\/types\/product"}],"wp:featuredmedia":[{"embeddable":true,"href":"https:\/\/www.keramika.com\/srbija\/wp-json\/wp\/v2\/media\/87375"}],"wp:attachment":[{"href":"https:\/\/www.keramika.com\/srbija\/wp-json\/wp\/v2\/media?parent=87374"}],"wp:term":[{"taxonomy":"product_cat","embeddable":true,"href":"https:\/\/www.keramika.com\/srbija\/wp-json\/wp\/v2\/product_cat?post=87374"},{"taxonomy":"product_tag","embeddable":true,"href":"https:\/\/www.keramika.com\/srbija\/wp-json\/wp\/v2\/product_tag?post=87374"}],"curies":[{"name":"wp","href":"https:\/\/api.w.org\/{rel}","templated":true}]}}