{"id":87370,"date":"2017-07-01T13:30:38","date_gmt":"2017-07-01T13:30:38","guid":{"rendered":"http:\/\/www.ceramictiles.com\/srbija\/product\/bambu-beige\/"},"modified":"2025-12-31T00:00:11","modified_gmt":"2025-12-31T00:00:11","slug":"bambu-beige","status":"publish","type":"product","link":"https:\/\/www.keramika.com\/srbija\/bambu-beige\/","title":{"rendered":"Bambu Beige"},"content":{"rendered":"<p>Plo\u010dice be\u017e boje osvje\u017eit \u0107e svaki prostor. Debljina 9 mm \u010dini plo\u010dicu vrlo izdr\u017eljivom i prijatnom na dodir. Proizvodnja \u0160panije ,koja je poznata u svetu, kao jedana od najboljih proizvo\u0111a\u010da kerami\u010dkih plo\u010dica. Bambu Beige je dostupna po vrlo povoljnim cenama 1600,8 RSD. Dimenzije ovih plo\u010dica su 25&#215;36,5 cm.<\/p>\n","protected":false},"excerpt":{"rendered":"<p>Plo\u010dice be\u017e boje osvje\u017eit \u0107e svaki prostor. Debljina 9 mm \u010dini plo\u010dicu vrlo izdr\u017eljivom i prijatnom na dodir. Proizvodnja \u0160panije ,koja je poznata u svetu, kao jedana od najboljih proizvo\u0111a\u010da kerami\u010dkih plo\u010dica. Bambu Beige je dostupna po vrlo povoljnim cenama 1600,8 RSD. Dimenzije ovih plo\u010dica su 25&#215;36,5 cm.<\/p>\n","protected":false},"featured_media":87371,"template":"","meta":[],"product_cat":[210,99946,200,999,250],"product_tag":[],"_links":{"self":[{"href":"https:\/\/www.keramika.com\/srbija\/wp-json\/wp\/v2\/product\/87370"}],"collection":[{"href":"https:\/\/www.keramika.com\/srbija\/wp-json\/wp\/v2\/product"}],"about":[{"href":"https:\/\/www.keramika.com\/srbija\/wp-json\/wp\/v2\/types\/product"}],"wp:featuredmedia":[{"embeddable":true,"href":"https:\/\/www.keramika.com\/srbija\/wp-json\/wp\/v2\/media\/87371"}],"wp:attachment":[{"href":"https:\/\/www.keramika.com\/srbija\/wp-json\/wp\/v2\/media?parent=87370"}],"wp:term":[{"taxonomy":"product_cat","embeddable":true,"href":"https:\/\/www.keramika.com\/srbija\/wp-json\/wp\/v2\/product_cat?post=87370"},{"taxonomy":"product_tag","embeddable":true,"href":"https:\/\/www.keramika.com\/srbija\/wp-json\/wp\/v2\/product_tag?post=87370"}],"curies":[{"name":"wp","href":"https:\/\/api.w.org\/{rel}","templated":true}]}}