{"id":87366,"date":"2017-07-01T13:30:14","date_gmt":"2017-07-01T13:30:14","guid":{"rendered":"http:\/\/www.ceramictiles.com\/srbija\/product\/porcelanske-plocice-60x60-super-black\/"},"modified":"2025-12-31T00:00:11","modified_gmt":"2025-12-31T00:00:11","slug":"porcelanske-plocice-60x60-super-black","status":"publish","type":"product","link":"https:\/\/www.keramika.com\/srbija\/porcelanske-plocice-60x60-super-black\/","title":{"rendered":"Porcelanske plo\u010dice 60&#215;60 Super Black"},"content":{"rendered":"<p>plo\u010dica proizvo\u0111a\u010da Halcon Ceramicas iz \u0160panije. 5487,8 RSD je redovna prodajna cena keramike, tu pa samo 4389,55 RSD. Plo\u010dica 60&#215;60 cm je dobra za ve\u0107 razli\u010ditih namena. U izboru plo\u010dica crne boje, ne mo\u017eete pogre\u0161iti. Ova plo\u010dica je debela 9 mm i zato je izuzetno izdr\u017eljiva.<\/p>\n<p><span style=\"\"color: #993300;\"><a title=\"Clik\u2026\"href=\"\/\/www.ceramictiles.com\/pdf\/e-ceramica\/porcelain_ceramic_tiles_catalogue.pdf\"target=\"_blank\"><span style=\"color: #993300;\"><strong>Porcelanske plo\u010dice katalog <\/strong><\/span><\/a><\/span><\/p>\n","protected":false},"excerpt":{"rendered":"<p>plo\u010dica proizvo\u0111a\u010da Halcon Ceramicas iz \u0160panije. 5487,8 RSD je redovna prodajna cena keramike, tu pa samo 4389,55 RSD. Plo\u010dica 60&#215;60 cm je dobra za ve\u0107 razli\u010ditih namena. U izboru plo\u010dica crne boje, ne mo\u017eete pogre\u0161iti. Ova plo\u010dica je debela 9 mm i zato je izuzetno izdr\u017eljiva.<\/p>\n","protected":false},"featured_media":87367,"template":"","meta":[],"product_cat":[99946,200,240,260,999],"product_tag":[],"_links":{"self":[{"href":"https:\/\/www.keramika.com\/srbija\/wp-json\/wp\/v2\/product\/87366"}],"collection":[{"href":"https:\/\/www.keramika.com\/srbija\/wp-json\/wp\/v2\/product"}],"about":[{"href":"https:\/\/www.keramika.com\/srbija\/wp-json\/wp\/v2\/types\/product"}],"wp:featuredmedia":[{"embeddable":true,"href":"https:\/\/www.keramika.com\/srbija\/wp-json\/wp\/v2\/media\/87367"}],"wp:attachment":[{"href":"https:\/\/www.keramika.com\/srbija\/wp-json\/wp\/v2\/media?parent=87366"}],"wp:term":[{"taxonomy":"product_cat","embeddable":true,"href":"https:\/\/www.keramika.com\/srbija\/wp-json\/wp\/v2\/product_cat?post=87366"},{"taxonomy":"product_tag","embeddable":true,"href":"https:\/\/www.keramika.com\/srbija\/wp-json\/wp\/v2\/product_tag?post=87366"}],"curies":[{"name":"wp","href":"https:\/\/api.w.org\/{rel}","templated":true}]}}