{"id":87364,"date":"2017-07-01T13:29:59","date_gmt":"2017-07-01T13:29:59","guid":{"rendered":"http:\/\/www.ceramictiles.com\/srbija\/product\/vidrio-grises\/"},"modified":"2025-12-31T00:00:11","modified_gmt":"2025-12-31T00:00:11","slug":"vidrio-grises","status":"publish","type":"product","link":"https:\/\/www.keramika.com\/srbija\/vidrio-grises\/","title":{"rendered":"Vidrio Grises"},"content":{"rendered":"<p>Ovaj mozaik je dostupan u prekrasnoj sive dominantnoj boji. Ako \u017eelite da razli\u010dite boje kontaktirajte nas i mi \u0107emo proveriti kod proizvo\u0111a\u010da. Redovna cena tog mozaika u maloprodaji je 2490,9 RSD, a u na\u0161oj online trgovini, ga mo\u017eete dobiti za 1991,8 RSD. Vidrio Grises je proizvod iz \u0160panije te je izuzetno kvalitetna. 6 mm debljina \u0107e zadovoljiti i najzahtevnije kupce. Mozaik plo\u010dice su na mre\u017ei, \u0161to olak\u0161ava njegovu instalaciju. Veli\u010dina mre\u017ee je 30&#215;30 cm.<\/p>\n","protected":false},"excerpt":{"rendered":"<p>Ovaj mozaik je dostupan u prekrasnoj sive dominantnoj boji. Ako \u017eelite da razli\u010dite boje kontaktirajte nas i mi \u0107emo proveriti kod proizvo\u0111a\u010da. Redovna cena tog mozaika u maloprodaji je 2490,9 RSD, a u na\u0161oj online trgovini, ga mo\u017eete dobiti za 1991,8 RSD. Vidrio Grises je proizvod iz \u0160panije te je izuzetno kvalitetna. 6 mm debljina [&hellip;]<\/p>\n","protected":false},"featured_media":87365,"template":"","meta":[],"product_cat":[99946,400,999,430],"product_tag":[],"_links":{"self":[{"href":"https:\/\/www.keramika.com\/srbija\/wp-json\/wp\/v2\/product\/87364"}],"collection":[{"href":"https:\/\/www.keramika.com\/srbija\/wp-json\/wp\/v2\/product"}],"about":[{"href":"https:\/\/www.keramika.com\/srbija\/wp-json\/wp\/v2\/types\/product"}],"wp:featuredmedia":[{"embeddable":true,"href":"https:\/\/www.keramika.com\/srbija\/wp-json\/wp\/v2\/media\/87365"}],"wp:attachment":[{"href":"https:\/\/www.keramika.com\/srbija\/wp-json\/wp\/v2\/media?parent=87364"}],"wp:term":[{"taxonomy":"product_cat","embeddable":true,"href":"https:\/\/www.keramika.com\/srbija\/wp-json\/wp\/v2\/product_cat?post=87364"},{"taxonomy":"product_tag","embeddable":true,"href":"https:\/\/www.keramika.com\/srbija\/wp-json\/wp\/v2\/product_tag?post=87364"}],"curies":[{"name":"wp","href":"https:\/\/api.w.org\/{rel}","templated":true}]}}