{"id":87362,"date":"2017-07-01T13:29:45","date_gmt":"2017-07-01T13:29:45","guid":{"rendered":"http:\/\/www.ceramictiles.com\/srbija\/product\/vidrio-iris\/"},"modified":"2025-12-31T00:00:11","modified_gmt":"2025-12-31T00:00:11","slug":"vidrio-iris","status":"publish","type":"product","link":"https:\/\/www.keramika.com\/srbija\/vidrio-iris\/","title":{"rendered":"Vidrio Iris"},"content":{"rendered":"<p>Zaradi ni\u017eih tro\u0161kova kod internetne prodaje, \u0107e te na na\u0161oj strani za taj mozaik platiti 1492,7 RSD. Debljina od 6 mm ovog mozaika ga \u010dini vrlo izdr\u017eljivim i prijatnim na dodir. Ovaj mozaik je proizveden od proizvo\u0111a\u010da Halcon Ceramicas, iz \u0160panije. Veoma moderan mozaik, dominantne bele boje, oboga\u0107uje savki prostor. Veli\u010dina mre\u017ee sa mozaikom je 32,7&#215;32,7 cm, \u0161to omogu\u0107ava jednostavnu ugradnju.<\/p>\n","protected":false},"excerpt":{"rendered":"<p>Zaradi ni\u017eih tro\u0161kova kod internetne prodaje, \u0107e te na na\u0161oj strani za taj mozaik platiti 1492,7 RSD. Debljina od 6 mm ovog mozaika ga \u010dini vrlo izdr\u017eljivim i prijatnim na dodir. Ovaj mozaik je proizveden od proizvo\u0111a\u010da Halcon Ceramicas, iz \u0160panije. Veoma moderan mozaik, dominantne bele boje, oboga\u0107uje savki prostor. Veli\u010dina mre\u017ee sa mozaikom je [&hellip;]<\/p>\n","protected":false},"featured_media":87363,"template":"","meta":[],"product_cat":[99946,400,999,430],"product_tag":[],"_links":{"self":[{"href":"https:\/\/www.keramika.com\/srbija\/wp-json\/wp\/v2\/product\/87362"}],"collection":[{"href":"https:\/\/www.keramika.com\/srbija\/wp-json\/wp\/v2\/product"}],"about":[{"href":"https:\/\/www.keramika.com\/srbija\/wp-json\/wp\/v2\/types\/product"}],"wp:featuredmedia":[{"embeddable":true,"href":"https:\/\/www.keramika.com\/srbija\/wp-json\/wp\/v2\/media\/87363"}],"wp:attachment":[{"href":"https:\/\/www.keramika.com\/srbija\/wp-json\/wp\/v2\/media?parent=87362"}],"wp:term":[{"taxonomy":"product_cat","embeddable":true,"href":"https:\/\/www.keramika.com\/srbija\/wp-json\/wp\/v2\/product_cat?post=87362"},{"taxonomy":"product_tag","embeddable":true,"href":"https:\/\/www.keramika.com\/srbija\/wp-json\/wp\/v2\/product_tag?post=87362"}],"curies":[{"name":"wp","href":"https:\/\/api.w.org\/{rel}","templated":true}]}}