{"id":87360,"date":"2017-07-01T13:29:30","date_gmt":"2017-07-01T13:29:30","guid":{"rendered":"http:\/\/www.ceramictiles.com\/srbija\/product\/vidrio-champagne\/"},"modified":"2025-12-31T00:00:11","modified_gmt":"2025-12-31T00:00:11","slug":"vidrio-champagne","status":"publish","type":"product","link":"https:\/\/www.keramika.com\/srbija\/vidrio-champagne\/","title":{"rendered":"Vidrio Champagne"},"content":{"rendered":"<p>Veli\u010dina mre\u017ee 32,7&#215;32,7 cm nakoju je pritvr\u0111en, omogu\u0107ava pritvr\u0111ivanje na razli\u010dite povr\u0161ine. Naj vi\u0161e se prodaju bele mozik plo\u010dice. Ovaj mozaik je proizveden od proizvo\u0111a\u010da Halcon Ceramicas, iz \u0160panije. U maloprodaji je cena 1743,4 RSD, online cena, pa je samo 1393,8 RSD. 6 mm debljine je dovoljno za zahtevnije kupce.<\/p>\n","protected":false},"excerpt":{"rendered":"<p>Veli\u010dina mre\u017ee 32,7&#215;32,7 cm nakoju je pritvr\u0111en, omogu\u0107ava pritvr\u0111ivanje na razli\u010dite povr\u0161ine. Naj vi\u0161e se prodaju bele mozik plo\u010dice. Ovaj mozaik je proizveden od proizvo\u0111a\u010da Halcon Ceramicas, iz \u0160panije. U maloprodaji je cena 1743,4 RSD, online cena, pa je samo 1393,8 RSD. 6 mm debljine je dovoljno za zahtevnije kupce.<\/p>\n","protected":false},"featured_media":87361,"template":"","meta":[],"product_cat":[99946,400,999,430],"product_tag":[],"_links":{"self":[{"href":"https:\/\/www.keramika.com\/srbija\/wp-json\/wp\/v2\/product\/87360"}],"collection":[{"href":"https:\/\/www.keramika.com\/srbija\/wp-json\/wp\/v2\/product"}],"about":[{"href":"https:\/\/www.keramika.com\/srbija\/wp-json\/wp\/v2\/types\/product"}],"wp:featuredmedia":[{"embeddable":true,"href":"https:\/\/www.keramika.com\/srbija\/wp-json\/wp\/v2\/media\/87361"}],"wp:attachment":[{"href":"https:\/\/www.keramika.com\/srbija\/wp-json\/wp\/v2\/media?parent=87360"}],"wp:term":[{"taxonomy":"product_cat","embeddable":true,"href":"https:\/\/www.keramika.com\/srbija\/wp-json\/wp\/v2\/product_cat?post=87360"},{"taxonomy":"product_tag","embeddable":true,"href":"https:\/\/www.keramika.com\/srbija\/wp-json\/wp\/v2\/product_tag?post=87360"}],"curies":[{"name":"wp","href":"https:\/\/api.w.org\/{rel}","templated":true}]}}